{"id":8573,"date":"2022-06-22T15:54:49","date_gmt":"2022-06-22T13:54:49","guid":{"rendered":"https:\/\/www.toilettenwagenverleih.com\/?page_id=8573"},"modified":"2022-06-22T15:58:27","modified_gmt":"2022-06-22T13:58:27","slug":"toiletten-mieten","status":"publish","type":"page","link":"https:\/\/www.toilettenwagenverleih.com\/index.php\/toiletten-mieten\/","title":{"rendered":"Toiletten mieten"},"content":{"rendered":"<p>[vc_row][vc_column width=&#8221;1\/2&#8243;][vc_single_image image=&#8221;8574&#8243; img_size=&#8221;full&#8221;][vc_empty_space][\/vc_column][vc_column width=&#8221;1\/2&#8243;][vc_custom_heading text=&#8221;Toiletten mieten!&#8221; use_theme_fonts=&#8221;yes&#8221;][vc_custom_heading text=&#8221;Bester Service rund um Ihre Veranstaltung \u2013 wir k\u00fcmmern uns!&#8221; font_container=&#8221;tag:h3|text_align:left&#8221; use_theme_fonts=&#8221;yes&#8221;][vc_column_text]Feste werden gefeiert, wie sie fallen! Sagt man so! Aber jede Veranstaltung hat Ihre Besonderheiten. Mit unserer gro\u00dfen Auswahl an qualitativen Anlagen f\u00fcr jede Anlass sind wir Ihr idealer Begleiter von Anfang an. F\u00fcr alle geplanten Festivit\u00e4ten, ob Familienfeiern, Klein- oder Gro\u00dfveranstaltungen, Events, Festivals, Konzerte innerhalb von Geb\u00e4uden oder drau\u00dfen, haben wir das richtige Equipment. Ihren tats\u00e4chlichen Bedarf ermitteln wir gemeinsam mit Ihnen hinsichtlich G\u00e4stezahl, Veranstaltungsart und Veranstaltungslocation. Sie bekommen die garantiert beste L\u00f6sung f\u00fcr Ihr Event. Der Begriff \u201e<a href=\"https:\/\/www.toilettenwagenverleih.com\/index.php\/toiletten-mieten\/\">Toiletten mieten<\/a>\u201c steht f\u00fcr unsere weitreichenden Erfahrungen in der Planung und Begleitung von zahlreichen Veranstaltungen aller Art seit 1987. Wir sind stolz, auch gro\u00dfe medienwirksame Events aus dem Fernseh- und Showbereich begleitet zu haben. Der Satz \u201e<a href=\"https:\/\/www.toilettenwagenverleih.com\/index.php\/toiletten-mieten\/\">Toiletten mieten<\/a>\u201c bedeutet f\u00fcr Sie als Kunden, dass wir Ihre Veranstaltung von A bis Z im Full-Service-Modus und allen Leistungen aus einer Hand. Und noch eine kleine Anmerkung: Vielleicht haben Sie vor, ihre Immobilie in einem gr\u00f6\u00dferen Rahmen umzubauen oder zu modernisieren. Auch hier k\u00f6nnen wir Sie unter dem Stichwort \u201e<a href=\"https:\/\/www.toilettenwagenverleih.com\/index.php\/toiletten-mieten\/\">Toiletten mieten<\/a>\u201c vollumf\u00e4nglich mit unseren Anlagen unterst\u00fctzen.[\/vc_column_text][vc_empty_space][\/vc_column][\/vc_row][vc_row][vc_column width=&#8221;1\/2&#8243;][vc_custom_heading text=&#8221;\u201eToiletten mieten\u201c &#8211; ausgezeichnete Ausstattung und bester Komfort!&#8221; font_container=&#8221;tag:h3|text_align:left&#8221; use_theme_fonts=&#8221;yes&#8221;][vc_column_text]Unsere erstklassigen Anlagen und Modelle mit vollst\u00e4ndig getrennten Damen- und Herrenbereichen verf\u00fcgen \u00fcber eine bemerkenswerte Ausstattung und komfortable Einrichtung. Der Begriff \u201eToiletten mieten\u201c bedeutet f\u00fcr uns, dass Sie Ihre notwendigen Modelle nat\u00fcrlich in einem sehr sauberen und hygienisch perfekten Zustand von uns erhalten. Wir planen mit Ihnen so, dass alle Veranstaltungsbereiche abgedeckt sind und es zu keinen langen Wartezeiten kommt. Gerade bei gr\u00f6\u00dferen Veranstaltungen sind diese Vorgaben sehr wichtig. Unsere exzellenten VIP-Anlagen sind hochwertig und auffallend ausgestattet. Sie verf\u00fcgen \u00fcber Ausstattungskomponenten allerbester G\u00fcte und Qualit\u00e4t. Unsere Modelle gibt es auf Wunsch mit Warmwasserwaschbecken, mit angenehmen Seifen- und Handcreme-Beh\u00e4ltern, verschiedenen Innensteckdosen und einmalig zu nutzenden Handt\u00fcchern aus Stoff oder Fleece. Wir freuen uns, Ihnen die wohl edelsten Modelle unter dem Satz \u201e<a href=\"https:\/\/www.toilettenwagenverleih.com\/index.php\/toiletten-mieten\/\">Toiletten mieten<\/a>\u201c anbieten zu k\u00f6nnen. Die Toilettenwagen werden selbstverst\u00e4ndlich von unseren Servicetechnikern bei Ihnen vor Ort vor Inbetriebnahme angeschlossen und auf Ihre Nutzung \u00fcberpr\u00fcft. Zudem erhalten Sie von uns eine umfassende Einweisung. Falls von Ihnen gew\u00fcnscht, \u00fcberlassen wir Ihnen unter dem Wort \u201eToiletten mieten\u201c auch das dazugeh\u00f6rige Reinigungspersonal sowie alle ben\u00f6tigten Verbrauchsgegenst\u00e4nde. Unsere Anlagen werden permanent gewartet, j\u00e4hrlich schaffen wir auch die neuesten und modernsten Toilettenanlagen an &#8211; Sie wissen ja: \u201e<a href=\"https:\/\/www.toilettenwagenverleih.com\/index.php\/toiletten-mieten\/\">Toiletten mieten<\/a>\u201c.[\/vc_column_text][vc_empty_space][\/vc_column][vc_column width=&#8221;1\/2&#8243;][vc_single_image image=&#8221;8575&#8243; img_size=&#8221;full&#8221;][vc_empty_space][\/vc_column][\/vc_row][vc_row][vc_column width=&#8221;1\/2&#8243;][vc_single_image image=&#8221;8576&#8243; img_size=&#8221;full&#8221;][vc_empty_space][\/vc_column][vc_column width=&#8221;1\/2&#8243;][vc_custom_heading text=&#8221;Ihr unschlagbarer Partner f\u00fcr jede Veranstaltung&#8221; font_container=&#8221;tag:h3|text_align:left&#8221; use_theme_fonts=&#8221;yes&#8221;][vc_column_text]Die Kundenbeziehung zu Ihnen bedeutet f\u00fcr uns Miteinander, Fairness und Transparenz auf h\u00f6chstem Niveau. Als verl\u00e4sslicher Anbieter im Bereich Veranstaltungs- und Eventbegleitung bringen wir noch viel mehr mit ein. Unter dem Motto \u201eToiletten mieten\u201c sind wir Dienstleister durch und durch &#8211; und so verstehen wir unsere gemeinsamen Projekte mit Ihnen von Anfang an als Leistung, um Ihnen den besten Service und die h\u00f6chste Qualit\u00e4t anzubieten. In unserem Team arbeiten zuvorkommende Menschen, die sich in einem H\u00f6chstma\u00df engagieren und Sie auf Wunsch auch w\u00e4hrend Ihrer Veranstaltung begleiten. Lassen Sie sich unter dem Begriff \u201e<a href=\"https:\/\/www.toilettenwagenverleih.com\/index.php\/toiletten-mieten\/\">Toiletten mieten<\/a>\u201c ein unverbindliches und individuelles Sorglos-Paket schn\u00fcren. Wir freuen uns mit Ihnen auf ein unvergessliches Event. Unter dem Leitsatz \u201e<a href=\"https:\/\/www.toilettenwagenverleih.com\/index.php\/toiletten-mieten\/\">Toiletten mieten<\/a>\u201c halten wir Ihnen den R\u00fccken frei und sorgen daf\u00fcr, dass Sie keine Kopfschmerzen haben. Gerne stellen wir Ihnen beispielhafte Projekte unserer Kunden aller Veranstaltungsarten vor. Wir sind Ihr idealer Partner und freuen uns auf Sie![\/vc_column_text][vc_empty_space][\/vc_column][\/vc_row]<\/p>\n","protected":false},"excerpt":{"rendered":"<p>[vc_row][vc_column width=&#8221;1\/2&#8243;][vc_single_image image=&#8221;8574&#8243; img_size=&#8221;full&#8221;][vc_empty_space][\/vc_column][vc_column width=&#8221;1\/2&#8243;][vc_custom_heading text=&#8221;Toiletten mieten!&#8221; use_theme_fonts=&#8221;yes&#8221;][vc_custom_heading text=&#8221;Bester Service rund um Ihre Veranstaltung \u2013 wir k\u00fcmmern uns!&#8221; font_container=&#8221;tag:h3|text_align:left&#8221; use_theme_fonts=&#8221;yes&#8221;][vc_column_text]Feste [&hellip;]<\/p>\n","protected":false},"author":2,"featured_media":0,"parent":0,"menu_order":0,"comment_status":"closed","ping_status":"closed","template":"","meta":{"footnotes":""},"class_list":["post-8573","page","type-page","status-publish","hentry"],"yoast_head":"<!-- This site is optimized with the Yoast SEO plugin v26.4 - https:\/\/yoast.com\/wordpress\/plugins\/seo\/ -->\n<title>Toiletten mieten &#8226; Toilettenwagenverleih Sprenger<\/title>\n<meta name=\"robots\" content=\"index, follow, max-snippet:-1, max-image-preview:large, max-video-preview:-1\" \/>\n<link rel=\"canonical\" href=\"https:\/\/www.toilettenwagenverleih.com\/index.php\/toiletten-mieten\/\" \/>\n<meta property=\"og:locale\" content=\"de_DE\" \/>\n<meta property=\"og:type\" content=\"article\" \/>\n<meta property=\"og:title\" content=\"Toiletten mieten &#8226; Toilettenwagenverleih Sprenger\" \/>\n<meta property=\"og:description\" content=\"[vc_row][vc_column width=&#8221;1\/2&#8243;][vc_single_image image=&#8221;8574&#8243; img_size=&#8221;full&#8221;][vc_empty_space][\/vc_column][vc_column width=&#8221;1\/2&#8243;][vc_custom_heading text=&#8221;Toiletten mieten!&#8221; use_theme_fonts=&#8221;yes&#8221;][vc_custom_heading text=&#8221;Bester Service rund um Ihre Veranstaltung \u2013 wir k\u00fcmmern uns!&#8221; font_container=&#8221;tag:h3|text_align:left&#8221; use_theme_fonts=&#8221;yes&#8221;][vc_column_text]Feste [&hellip;]\" \/>\n<meta property=\"og:url\" content=\"https:\/\/www.toilettenwagenverleih.com\/index.php\/toiletten-mieten\/\" \/>\n<meta property=\"og:site_name\" content=\"Toilettenwagenverleih Sprenger\" \/>\n<meta property=\"article:modified_time\" content=\"2022-06-22T13:58:27+00:00\" \/>\n<meta name=\"twitter:card\" content=\"summary_large_image\" \/>\n<meta name=\"twitter:label1\" content=\"Gesch\u00e4tzte Lesezeit\" \/>\n\t<meta name=\"twitter:data1\" content=\"4\u00a0Minuten\" \/>\n<script type=\"application\/ld+json\" class=\"yoast-schema-graph\">{\"@context\":\"https:\/\/schema.org\",\"@graph\":[{\"@type\":\"WebPage\",\"@id\":\"https:\/\/www.toilettenwagenverleih.com\/index.php\/toiletten-mieten\/\",\"url\":\"https:\/\/www.toilettenwagenverleih.com\/index.php\/toiletten-mieten\/\",\"name\":\"Toiletten mieten &#8226; Toilettenwagenverleih Sprenger\",\"isPartOf\":{\"@id\":\"https:\/\/www.toilettenwagenverleih.com\/#website\"},\"datePublished\":\"2022-06-22T13:54:49+00:00\",\"dateModified\":\"2022-06-22T13:58:27+00:00\",\"breadcrumb\":{\"@id\":\"https:\/\/www.toilettenwagenverleih.com\/index.php\/toiletten-mieten\/#breadcrumb\"},\"inLanguage\":\"de\",\"potentialAction\":[{\"@type\":\"ReadAction\",\"target\":[\"https:\/\/www.toilettenwagenverleih.com\/index.php\/toiletten-mieten\/\"]}]},{\"@type\":\"BreadcrumbList\",\"@id\":\"https:\/\/www.toilettenwagenverleih.com\/index.php\/toiletten-mieten\/#breadcrumb\",\"itemListElement\":[{\"@type\":\"ListItem\",\"position\":1,\"name\":\"Startseite\",\"item\":\"https:\/\/www.toilettenwagenverleih.com\/\"},{\"@type\":\"ListItem\",\"position\":2,\"name\":\"Toiletten mieten\"}]},{\"@type\":\"WebSite\",\"@id\":\"https:\/\/www.toilettenwagenverleih.com\/#website\",\"url\":\"https:\/\/www.toilettenwagenverleih.com\/\",\"name\":\"Toilettenwagenverleih Sprenger\",\"description\":\"Eine weitere WordPress-Website\",\"publisher\":{\"@id\":\"https:\/\/www.toilettenwagenverleih.com\/#organization\"},\"potentialAction\":[{\"@type\":\"SearchAction\",\"target\":{\"@type\":\"EntryPoint\",\"urlTemplate\":\"https:\/\/www.toilettenwagenverleih.com\/?s={search_term_string}\"},\"query-input\":{\"@type\":\"PropertyValueSpecification\",\"valueRequired\":true,\"valueName\":\"search_term_string\"}}],\"inLanguage\":\"de\"},{\"@type\":\"Organization\",\"@id\":\"https:\/\/www.toilettenwagenverleih.com\/#organization\",\"name\":\"Toilenwagenverlei Thomas Sprenger\",\"url\":\"https:\/\/www.toilettenwagenverleih.com\/\",\"logo\":{\"@type\":\"ImageObject\",\"inLanguage\":\"de\",\"@id\":\"https:\/\/www.toilettenwagenverleih.com\/#\/schema\/logo\/image\/\",\"url\":\"https:\/\/www.toilettenwagenverleih.com\/wp-content\/uploads\/2020\/02\/logo-web1.png\",\"contentUrl\":\"https:\/\/www.toilettenwagenverleih.com\/wp-content\/uploads\/2020\/02\/logo-web1.png\",\"width\":153,\"height\":75,\"caption\":\"Toilenwagenverlei Thomas Sprenger\"},\"image\":{\"@id\":\"https:\/\/www.toilettenwagenverleih.com\/#\/schema\/logo\/image\/\"}}]}<\/script>\n<!-- \/ Yoast SEO plugin. -->","yoast_head_json":{"title":"Toiletten mieten &#8226; Toilettenwagenverleih Sprenger","robots":{"index":"index","follow":"follow","max-snippet":"max-snippet:-1","max-image-preview":"max-image-preview:large","max-video-preview":"max-video-preview:-1"},"canonical":"https:\/\/www.toilettenwagenverleih.com\/index.php\/toiletten-mieten\/","og_locale":"de_DE","og_type":"article","og_title":"Toiletten mieten &#8226; Toilettenwagenverleih Sprenger","og_description":"[vc_row][vc_column width=&#8221;1\/2&#8243;][vc_single_image image=&#8221;8574&#8243; img_size=&#8221;full&#8221;][vc_empty_space][\/vc_column][vc_column width=&#8221;1\/2&#8243;][vc_custom_heading text=&#8221;Toiletten mieten!&#8221; use_theme_fonts=&#8221;yes&#8221;][vc_custom_heading text=&#8221;Bester Service rund um Ihre Veranstaltung \u2013 wir k\u00fcmmern uns!&#8221; font_container=&#8221;tag:h3|text_align:left&#8221; use_theme_fonts=&#8221;yes&#8221;][vc_column_text]Feste [&hellip;]","og_url":"https:\/\/www.toilettenwagenverleih.com\/index.php\/toiletten-mieten\/","og_site_name":"Toilettenwagenverleih Sprenger","article_modified_time":"2022-06-22T13:58:27+00:00","twitter_card":"summary_large_image","twitter_misc":{"Gesch\u00e4tzte Lesezeit":"4\u00a0Minuten"},"schema":{"@context":"https:\/\/schema.org","@graph":[{"@type":"WebPage","@id":"https:\/\/www.toilettenwagenverleih.com\/index.php\/toiletten-mieten\/","url":"https:\/\/www.toilettenwagenverleih.com\/index.php\/toiletten-mieten\/","name":"Toiletten mieten &#8226; Toilettenwagenverleih Sprenger","isPartOf":{"@id":"https:\/\/www.toilettenwagenverleih.com\/#website"},"datePublished":"2022-06-22T13:54:49+00:00","dateModified":"2022-06-22T13:58:27+00:00","breadcrumb":{"@id":"https:\/\/www.toilettenwagenverleih.com\/index.php\/toiletten-mieten\/#breadcrumb"},"inLanguage":"de","potentialAction":[{"@type":"ReadAction","target":["https:\/\/www.toilettenwagenverleih.com\/index.php\/toiletten-mieten\/"]}]},{"@type":"BreadcrumbList","@id":"https:\/\/www.toilettenwagenverleih.com\/index.php\/toiletten-mieten\/#breadcrumb","itemListElement":[{"@type":"ListItem","position":1,"name":"Startseite","item":"https:\/\/www.toilettenwagenverleih.com\/"},{"@type":"ListItem","position":2,"name":"Toiletten mieten"}]},{"@type":"WebSite","@id":"https:\/\/www.toilettenwagenverleih.com\/#website","url":"https:\/\/www.toilettenwagenverleih.com\/","name":"Toilettenwagenverleih Sprenger","description":"Eine weitere WordPress-Website","publisher":{"@id":"https:\/\/www.toilettenwagenverleih.com\/#organization"},"potentialAction":[{"@type":"SearchAction","target":{"@type":"EntryPoint","urlTemplate":"https:\/\/www.toilettenwagenverleih.com\/?s={search_term_string}"},"query-input":{"@type":"PropertyValueSpecification","valueRequired":true,"valueName":"search_term_string"}}],"inLanguage":"de"},{"@type":"Organization","@id":"https:\/\/www.toilettenwagenverleih.com\/#organization","name":"Toilenwagenverlei Thomas Sprenger","url":"https:\/\/www.toilettenwagenverleih.com\/","logo":{"@type":"ImageObject","inLanguage":"de","@id":"https:\/\/www.toilettenwagenverleih.com\/#\/schema\/logo\/image\/","url":"https:\/\/www.toilettenwagenverleih.com\/wp-content\/uploads\/2020\/02\/logo-web1.png","contentUrl":"https:\/\/www.toilettenwagenverleih.com\/wp-content\/uploads\/2020\/02\/logo-web1.png","width":153,"height":75,"caption":"Toilenwagenverlei Thomas Sprenger"},"image":{"@id":"https:\/\/www.toilettenwagenverleih.com\/#\/schema\/logo\/image\/"}}]}},"_links":{"self":[{"href":"https:\/\/www.toilettenwagenverleih.com\/index.php\/wp-json\/wp\/v2\/pages\/8573","targetHints":{"allow":["GET"]}}],"collection":[{"href":"https:\/\/www.toilettenwagenverleih.com\/index.php\/wp-json\/wp\/v2\/pages"}],"about":[{"href":"https:\/\/www.toilettenwagenverleih.com\/index.php\/wp-json\/wp\/v2\/types\/page"}],"author":[{"embeddable":true,"href":"https:\/\/www.toilettenwagenverleih.com\/index.php\/wp-json\/wp\/v2\/users\/2"}],"replies":[{"embeddable":true,"href":"https:\/\/www.toilettenwagenverleih.com\/index.php\/wp-json\/wp\/v2\/comments?post=8573"}],"version-history":[{"count":2,"href":"https:\/\/www.toilettenwagenverleih.com\/index.php\/wp-json\/wp\/v2\/pages\/8573\/revisions"}],"predecessor-version":[{"id":8578,"href":"https:\/\/www.toilettenwagenverleih.com\/index.php\/wp-json\/wp\/v2\/pages\/8573\/revisions\/8578"}],"wp:attachment":[{"href":"https:\/\/www.toilettenwagenverleih.com\/index.php\/wp-json\/wp\/v2\/media?parent=8573"}],"curies":[{"name":"wp","href":"https:\/\/api.w.org\/{rel}","templated":true}]}}