{"id":8538,"date":"2022-06-07T15:16:17","date_gmt":"2022-06-07T13:16:17","guid":{"rendered":"https:\/\/www.toilettenwagenverleih.com\/?page_id=8538"},"modified":"2022-06-08T14:44:19","modified_gmt":"2022-06-08T12:44:19","slug":"duschwagen","status":"publish","type":"page","link":"https:\/\/www.toilettenwagenverleih.com\/index.php\/duschwagen\/","title":{"rendered":"Duschwagen"},"content":{"rendered":"<p>[vc_row][vc_column width=&#8221;1\/2&#8243;][vc_single_image image=&#8221;8549&#8243; img_size=&#8221;full&#8221;][vc_empty_space][\/vc_column][vc_column width=&#8221;1\/2&#8243;][vc_custom_heading text=&#8221;Duschwagen!&#8221; use_theme_fonts=&#8221;yes&#8221;][vc_custom_heading text=&#8221;\u201eDuschwagen\u201c &#8211; mobile L\u00f6sungen mit bestem Komfort!&#8221; font_container=&#8221;tag:h3|text_align:left&#8221; use_theme_fonts=&#8221;yes&#8221;][vc_column_text]<\/p>\n<p class=\"p1\">Wenn unsere hochwertigen Duschwagen in den Einsatz kommen, d\u00fcrfen die Nutzer bzw. Mieter auf die besten Vorz\u00fcge dieser modernsten Einrichtungen vertrauen. Sie brauchen bei der Nutzung unserer mobilen Einrichtungen keine Abstriche in Komfort und Handhabung machen. Wir sind stolz, dass wir bei der Entwicklung der 3 Modelle ma\u00dfgeblich beteiligt waren, um die h\u00f6chsten Anspr\u00fcchen unserer Kunden zu erf\u00fcllen. Insoweit konnten wir unsere \u00fcber 35-j\u00e4hrige Erfahrung in Weiterentwicklung der neuesten Generation von exklusiven <a href=\"https:\/\/www.toilettenwagenverleih.com\/index.php\/duschwagen\/\">Duschwagen<\/a> mit einbringen. Unsere mobilen Duscheinrichtungen bestehen je nach Wagentyp aus 6, 8 oder 12 separaten Duschkabinen. Damit die gew\u00fcnschte Privatsph\u00e4re gew\u00e4hrleistet werden kann, verf\u00fcgt jede Duschkabine \u00fcber einen eigenen Zugang. Die weiteren Ausstattungsmerkmale garantieren ein Duscherlebnis wie Zuhause. Die separat beizbaren Duschr\u00e4ume sind jeweils mit einem Trockenbereich, einer Sitzbank, Kleiderhaken, Spiegeln und einer Dachluke f\u00fcr die Frischluftzufuhr versehen. Die hellen und mit viel Tageslicht ausgestatteten <a href=\"https:\/\/www.toilettenwagenverleih.com\/index.php\/duschwagen\/\">Duschwagen<\/a> vermitteln zudem eine offene und freundliche Atmosph\u00e4re. Da die Warmwasserversorgung unserer <a href=\"https:\/\/www.toilettenwagenverleih.com\/index.php\/duschwagen\/\">Duschwagen<\/a> \u00fcber 2 voneinander getrennten Gasthermen erfolgt, steht Ihnen auch beim Ausfall einer Gastherme jederzeit warmes Wasser zur Verf\u00fcgung.<\/p>\n<p>[\/vc_column_text][vc_empty_space][\/vc_column][\/vc_row][vc_row][vc_column width=&#8221;1\/2&#8243;][vc_custom_heading text=&#8221;Beste Ausstattung &#8211; als w\u00e4re es Ihr eigenes Badezimmer&#8221; font_container=&#8221;tag:h3|text_align:left&#8221; use_theme_fonts=&#8221;yes&#8221;][vc_column_text]<\/p>\n<p class=\"p1\">Es gibt eine Vielzahl von individuellen Bedarfssituationen f\u00fcr Konzert-, Event- und Sport-Veranstalter, um auf mobile Duschanlagen zur\u00fcckgreifen zu m\u00fcssen. Deshalb bieten wir Ihnen verschiedene Modelle mit einer unterschiedlichen Anzahl an Duschr\u00e4umen an. Der Duschwagen ist grunds\u00e4tzlich f\u00fcr alle gewerblichen und privaten Zwecke geeignet. Mit dem renommierten <a href=\"https:\/\/www.toilettenwagenverleih.com\/index.php\/duschwagen\/\">Duschwagen<\/a> in drei Varianten erzielen Sie zus\u00e4tzliche mobile Duschm\u00f6glichkeiten, wo auch immer Sie diese ben\u00f6tigen. Gerade die Veranstalter von gr\u00f6\u00dferen und zeitlich l\u00e4ngeren Events bzw. Festivals oder Sportveranstaltungen erkennen den hohen Nutzen und die wertvollen Vorteile der <a href=\"https:\/\/www.toilettenwagenverleih.com\/index.php\/duschwagen\/\">Duschwagen<\/a>. Aber auch auf gr\u00f6\u00dferen Baustellen oder beim Einsatz vieler Menschen \u00fcber einen l\u00e4ngeren Zeitraum werden der Komfort und die Verl\u00e4sslichkeit unserer <a href=\"https:\/\/www.toilettenwagenverleih.com\/index.php\/duschwagen\/\">Duschwagen<\/a> mehr als nur gesch\u00e4tzt. Unsere ausgezeichneten Duscheinrichtungen sind mittlerweile eine exklusive Selbstverst\u00e4ndlichkeit f\u00fcr die Personen, die privat oder aus beruflichen Gr\u00fcnden auf das Mobil-Duschen \u00fcber einen l\u00e4ngeren Zeitraum angewiesen sind.<\/p>\n<p>[\/vc_column_text][vc_empty_space][\/vc_column][vc_column width=&#8221;1\/2&#8243;][vc_single_image image=&#8221;8550&#8243; img_size=&#8221;full&#8221;][vc_empty_space][\/vc_column][\/vc_row][vc_row][vc_column width=&#8221;1\/2&#8243;][vc_single_image image=&#8221;8551&#8243; img_size=&#8221;full&#8221;][vc_empty_space][\/vc_column][vc_column width=&#8221;1\/2&#8243;][vc_custom_heading text=&#8221;Ihr starker Partner mit dem besten Service&#8221; font_container=&#8221;tag:h3|text_align:left&#8221; use_theme_fonts=&#8221;yes&#8221;][vc_column_text]<\/p>\n<p class=\"p1\">Jeder Veranstalter macht sich weit im Vorfeld seines Events unglaublich viele Gedanken, damit die Veranstaltung auch zum gew\u00fcnschten Erfolg f\u00fchrt. Als Ihr Partner f\u00fcr Toilettenwagen und <a href=\"https:\/\/www.toilettenwagenverleih.com\/index.php\/duschwagen\/\">Duschwagen<\/a> \u00fcbernehmen wir gerne alle notwendigen Arbeiten, damit Sie sich ohne Kopfschmerzen um andere Dinge rund um Ihr Event k\u00fcmmern k\u00f6nnen. Dazu bringen wir gerne unsere Erfahrungen in der Planung, Umsetzung und Begleitung zahlreicher Gro\u00dfveranstaltungen aller Art und Freiluftmessen mit ein. Sie k\u00f6nnen sich auf Transparenz, Sicherheit und den besten Service durch unser Team verlassen. Wir verstehen uns als ganzheitlicher K\u00fcmmerer. Egal, ob einwandfreie und termingerechte Lieferung, zuverl\u00e4ssiger Auf- und Abbau oder einfache Einf\u00fchrung durch unsere geschulten Mitarbeiter. Auf Wunsch k\u00f6nnen wir Ihnen auch Personal f\u00fcr den Zeitraum Ihrer Veranstaltung zur Verf\u00fcgung stellen. Wie gesagt, der Begriff \u201e<a href=\"https:\/\/www.toilettenwagenverleih.com\/index.php\/duschwagen\/\">Duschwagen<\/a>\u201c bedeutet f\u00fcr Sie, dass Sie sich keine Gedanken f\u00fcr diesen Teil Ihres Events machen m\u00fcssen. Versprochen! Unsere motivierten Kollegen stehen Ihnen jederzeit bei allen Fragen rund um den Fachbegriff \u201e<a href=\"https:\/\/www.toilettenwagenverleih.com\/index.php\/duschwagen\/\">Duschwagen<\/a>\u201c engagiert und kompetent zur Seite. Unsere weitreichenden Kenntnisse geben wir gerne an Sie weiter. Wir stellen Ihnen unsere Referenzen und die durch uns begleiteten Veranstaltungsbeispiele gerne vor. Rufen Sie uns an oder schreiben Sie uns eine E-Mail. Wir sind immer f\u00fcr Sie da und freuen uns auf Sie!<\/p>\n<p>[\/vc_column_text][vc_empty_space][\/vc_column][\/vc_row]<\/p>\n","protected":false},"excerpt":{"rendered":"<p>[vc_row][vc_column width=&#8221;1\/2&#8243;][vc_single_image image=&#8221;8549&#8243; img_size=&#8221;full&#8221;][vc_empty_space][\/vc_column][vc_column width=&#8221;1\/2&#8243;][vc_custom_heading text=&#8221;Duschwagen!&#8221; use_theme_fonts=&#8221;yes&#8221;][vc_custom_heading text=&#8221;\u201eDuschwagen\u201c &#8211; mobile L\u00f6sungen mit bestem Komfort!&#8221; font_container=&#8221;tag:h3|text_align:left&#8221; use_theme_fonts=&#8221;yes&#8221;][vc_column_text] Wenn unsere hochwertigen Duschwagen [&hellip;]<\/p>\n","protected":false},"author":2,"featured_media":0,"parent":0,"menu_order":0,"comment_status":"closed","ping_status":"closed","template":"","meta":{"footnotes":""},"class_list":["post-8538","page","type-page","status-publish","hentry"],"yoast_head":"<!-- This site is optimized with the Yoast SEO plugin v26.4 - https:\/\/yoast.com\/wordpress\/plugins\/seo\/ -->\n<title>Duschwagen &#8226; Toilettenwagenverleih Sprenger<\/title>\n<meta name=\"robots\" content=\"index, follow, max-snippet:-1, max-image-preview:large, max-video-preview:-1\" \/>\n<link rel=\"canonical\" href=\"https:\/\/www.toilettenwagenverleih.com\/index.php\/duschwagen\/\" \/>\n<meta property=\"og:locale\" content=\"de_DE\" \/>\n<meta property=\"og:type\" content=\"article\" \/>\n<meta property=\"og:title\" content=\"Duschwagen &#8226; Toilettenwagenverleih Sprenger\" \/>\n<meta property=\"og:description\" content=\"[vc_row][vc_column width=&#8221;1\/2&#8243;][vc_single_image image=&#8221;8549&#8243; img_size=&#8221;full&#8221;][vc_empty_space][\/vc_column][vc_column width=&#8221;1\/2&#8243;][vc_custom_heading text=&#8221;Duschwagen!&#8221; use_theme_fonts=&#8221;yes&#8221;][vc_custom_heading text=&#8221;\u201eDuschwagen\u201c &#8211; mobile L\u00f6sungen mit bestem Komfort!&#8221; font_container=&#8221;tag:h3|text_align:left&#8221; use_theme_fonts=&#8221;yes&#8221;][vc_column_text] Wenn unsere hochwertigen Duschwagen [&hellip;]\" \/>\n<meta property=\"og:url\" content=\"https:\/\/www.toilettenwagenverleih.com\/index.php\/duschwagen\/\" \/>\n<meta property=\"og:site_name\" content=\"Toilettenwagenverleih Sprenger\" \/>\n<meta property=\"article:modified_time\" content=\"2022-06-08T12:44:19+00:00\" \/>\n<meta name=\"twitter:card\" content=\"summary_large_image\" \/>\n<meta name=\"twitter:label1\" content=\"Gesch\u00e4tzte Lesezeit\" \/>\n\t<meta name=\"twitter:data1\" content=\"4\u00a0Minuten\" \/>\n<script type=\"application\/ld+json\" class=\"yoast-schema-graph\">{\"@context\":\"https:\/\/schema.org\",\"@graph\":[{\"@type\":\"WebPage\",\"@id\":\"https:\/\/www.toilettenwagenverleih.com\/index.php\/duschwagen\/\",\"url\":\"https:\/\/www.toilettenwagenverleih.com\/index.php\/duschwagen\/\",\"name\":\"Duschwagen &#8226; Toilettenwagenverleih Sprenger\",\"isPartOf\":{\"@id\":\"https:\/\/www.toilettenwagenverleih.com\/#website\"},\"datePublished\":\"2022-06-07T13:16:17+00:00\",\"dateModified\":\"2022-06-08T12:44:19+00:00\",\"breadcrumb\":{\"@id\":\"https:\/\/www.toilettenwagenverleih.com\/index.php\/duschwagen\/#breadcrumb\"},\"inLanguage\":\"de\",\"potentialAction\":[{\"@type\":\"ReadAction\",\"target\":[\"https:\/\/www.toilettenwagenverleih.com\/index.php\/duschwagen\/\"]}]},{\"@type\":\"BreadcrumbList\",\"@id\":\"https:\/\/www.toilettenwagenverleih.com\/index.php\/duschwagen\/#breadcrumb\",\"itemListElement\":[{\"@type\":\"ListItem\",\"position\":1,\"name\":\"Startseite\",\"item\":\"https:\/\/www.toilettenwagenverleih.com\/\"},{\"@type\":\"ListItem\",\"position\":2,\"name\":\"Duschwagen\"}]},{\"@type\":\"WebSite\",\"@id\":\"https:\/\/www.toilettenwagenverleih.com\/#website\",\"url\":\"https:\/\/www.toilettenwagenverleih.com\/\",\"name\":\"Toilettenwagenverleih Sprenger\",\"description\":\"Eine weitere WordPress-Website\",\"publisher\":{\"@id\":\"https:\/\/www.toilettenwagenverleih.com\/#organization\"},\"potentialAction\":[{\"@type\":\"SearchAction\",\"target\":{\"@type\":\"EntryPoint\",\"urlTemplate\":\"https:\/\/www.toilettenwagenverleih.com\/?s={search_term_string}\"},\"query-input\":{\"@type\":\"PropertyValueSpecification\",\"valueRequired\":true,\"valueName\":\"search_term_string\"}}],\"inLanguage\":\"de\"},{\"@type\":\"Organization\",\"@id\":\"https:\/\/www.toilettenwagenverleih.com\/#organization\",\"name\":\"Toilenwagenverlei Thomas Sprenger\",\"url\":\"https:\/\/www.toilettenwagenverleih.com\/\",\"logo\":{\"@type\":\"ImageObject\",\"inLanguage\":\"de\",\"@id\":\"https:\/\/www.toilettenwagenverleih.com\/#\/schema\/logo\/image\/\",\"url\":\"https:\/\/www.toilettenwagenverleih.com\/wp-content\/uploads\/2020\/02\/logo-web1.png\",\"contentUrl\":\"https:\/\/www.toilettenwagenverleih.com\/wp-content\/uploads\/2020\/02\/logo-web1.png\",\"width\":153,\"height\":75,\"caption\":\"Toilenwagenverlei Thomas Sprenger\"},\"image\":{\"@id\":\"https:\/\/www.toilettenwagenverleih.com\/#\/schema\/logo\/image\/\"}}]}<\/script>\n<!-- \/ Yoast SEO plugin. -->","yoast_head_json":{"title":"Duschwagen &#8226; Toilettenwagenverleih Sprenger","robots":{"index":"index","follow":"follow","max-snippet":"max-snippet:-1","max-image-preview":"max-image-preview:large","max-video-preview":"max-video-preview:-1"},"canonical":"https:\/\/www.toilettenwagenverleih.com\/index.php\/duschwagen\/","og_locale":"de_DE","og_type":"article","og_title":"Duschwagen &#8226; Toilettenwagenverleih Sprenger","og_description":"[vc_row][vc_column width=&#8221;1\/2&#8243;][vc_single_image image=&#8221;8549&#8243; img_size=&#8221;full&#8221;][vc_empty_space][\/vc_column][vc_column width=&#8221;1\/2&#8243;][vc_custom_heading text=&#8221;Duschwagen!&#8221; use_theme_fonts=&#8221;yes&#8221;][vc_custom_heading text=&#8221;\u201eDuschwagen\u201c &#8211; mobile L\u00f6sungen mit bestem Komfort!&#8221; font_container=&#8221;tag:h3|text_align:left&#8221; use_theme_fonts=&#8221;yes&#8221;][vc_column_text] Wenn unsere hochwertigen Duschwagen [&hellip;]","og_url":"https:\/\/www.toilettenwagenverleih.com\/index.php\/duschwagen\/","og_site_name":"Toilettenwagenverleih Sprenger","article_modified_time":"2022-06-08T12:44:19+00:00","twitter_card":"summary_large_image","twitter_misc":{"Gesch\u00e4tzte Lesezeit":"4\u00a0Minuten"},"schema":{"@context":"https:\/\/schema.org","@graph":[{"@type":"WebPage","@id":"https:\/\/www.toilettenwagenverleih.com\/index.php\/duschwagen\/","url":"https:\/\/www.toilettenwagenverleih.com\/index.php\/duschwagen\/","name":"Duschwagen &#8226; Toilettenwagenverleih Sprenger","isPartOf":{"@id":"https:\/\/www.toilettenwagenverleih.com\/#website"},"datePublished":"2022-06-07T13:16:17+00:00","dateModified":"2022-06-08T12:44:19+00:00","breadcrumb":{"@id":"https:\/\/www.toilettenwagenverleih.com\/index.php\/duschwagen\/#breadcrumb"},"inLanguage":"de","potentialAction":[{"@type":"ReadAction","target":["https:\/\/www.toilettenwagenverleih.com\/index.php\/duschwagen\/"]}]},{"@type":"BreadcrumbList","@id":"https:\/\/www.toilettenwagenverleih.com\/index.php\/duschwagen\/#breadcrumb","itemListElement":[{"@type":"ListItem","position":1,"name":"Startseite","item":"https:\/\/www.toilettenwagenverleih.com\/"},{"@type":"ListItem","position":2,"name":"Duschwagen"}]},{"@type":"WebSite","@id":"https:\/\/www.toilettenwagenverleih.com\/#website","url":"https:\/\/www.toilettenwagenverleih.com\/","name":"Toilettenwagenverleih Sprenger","description":"Eine weitere WordPress-Website","publisher":{"@id":"https:\/\/www.toilettenwagenverleih.com\/#organization"},"potentialAction":[{"@type":"SearchAction","target":{"@type":"EntryPoint","urlTemplate":"https:\/\/www.toilettenwagenverleih.com\/?s={search_term_string}"},"query-input":{"@type":"PropertyValueSpecification","valueRequired":true,"valueName":"search_term_string"}}],"inLanguage":"de"},{"@type":"Organization","@id":"https:\/\/www.toilettenwagenverleih.com\/#organization","name":"Toilenwagenverlei Thomas Sprenger","url":"https:\/\/www.toilettenwagenverleih.com\/","logo":{"@type":"ImageObject","inLanguage":"de","@id":"https:\/\/www.toilettenwagenverleih.com\/#\/schema\/logo\/image\/","url":"https:\/\/www.toilettenwagenverleih.com\/wp-content\/uploads\/2020\/02\/logo-web1.png","contentUrl":"https:\/\/www.toilettenwagenverleih.com\/wp-content\/uploads\/2020\/02\/logo-web1.png","width":153,"height":75,"caption":"Toilenwagenverlei Thomas Sprenger"},"image":{"@id":"https:\/\/www.toilettenwagenverleih.com\/#\/schema\/logo\/image\/"}}]}},"_links":{"self":[{"href":"https:\/\/www.toilettenwagenverleih.com\/index.php\/wp-json\/wp\/v2\/pages\/8538","targetHints":{"allow":["GET"]}}],"collection":[{"href":"https:\/\/www.toilettenwagenverleih.com\/index.php\/wp-json\/wp\/v2\/pages"}],"about":[{"href":"https:\/\/www.toilettenwagenverleih.com\/index.php\/wp-json\/wp\/v2\/types\/page"}],"author":[{"embeddable":true,"href":"https:\/\/www.toilettenwagenverleih.com\/index.php\/wp-json\/wp\/v2\/users\/2"}],"replies":[{"embeddable":true,"href":"https:\/\/www.toilettenwagenverleih.com\/index.php\/wp-json\/wp\/v2\/comments?post=8538"}],"version-history":[{"count":8,"href":"https:\/\/www.toilettenwagenverleih.com\/index.php\/wp-json\/wp\/v2\/pages\/8538\/revisions"}],"predecessor-version":[{"id":8542,"href":"https:\/\/www.toilettenwagenverleih.com\/index.php\/wp-json\/wp\/v2\/pages\/8538\/revisions\/8542"}],"wp:attachment":[{"href":"https:\/\/www.toilettenwagenverleih.com\/index.php\/wp-json\/wp\/v2\/media?parent=8538"}],"curies":[{"name":"wp","href":"https:\/\/api.w.org\/{rel}","templated":true}]}}