{"id":8451,"date":"2021-11-26T11:31:52","date_gmt":"2021-11-26T10:31:52","guid":{"rendered":"https:\/\/www.toilettenwagenverleih.com\/?page_id=8451"},"modified":"2024-03-18T12:08:35","modified_gmt":"2024-03-18T11:08:35","slug":"toilettenwagen-42-silber-xl","status":"publish","type":"page","link":"https:\/\/www.toilettenwagenverleih.com\/index.php\/standardwagen\/toilettenwagen-42-silber-xl\/","title":{"rendered":"Toilettenwagen \u201c4&#038;2\u201d silber XL"},"content":{"rendered":"<p>[vc_row][vc_column width=&#8221;2\/3&#8243; css=&#8221;.vc_custom_1519734538371{padding-right: 25px !important;}&#8221; offset=&#8221;vc_col-lg-8 vc_col-md-12 vc_col-xs-12&#8243;]<header class=\"kd-section-title col-lg-12 text-left    \" ><h2 class=\"separator_off\" >Toilettenwagen \u201c4&amp;2\u201d silber XL<\/h2><h6 class=\"subtitle \" >*Geeignet f\u00fcr Veranstaltungen bis ca. 500 Personen.<\/h6><\/header>[vc_empty_space height=&#8221;16px&#8221;][vc_masonry_media_grid grid_id=&#8221;vc_gid:1710759943499-bf7c290c-dfda-6&#8243; include=&#8221;8452,8453,8454,8455,8456&#8243;][vc_empty_space height=&#8221;16px&#8221;][\/vc_column][vc_column width=&#8221;1\/3&#8243; offset=&#8221;vc_col-lg-4 vc_col-md-12 vc_col-xs-12&#8243;][vc_row_inner][vc_column_inner width=&#8221;1\/2&#8243;]<div class=\"kd_counter   count_left \" ><div class=\"kd_counter_content\"><h4 class=\"kd_counter_number\"><span class=\"kd_number_string\"  data-from=\"0\" data-to=\"940\" data-refresh-interval=\"50\">0<\/span>\n                                  <span class=\"kd_counter_units\" >cm Gesammtl\u00e4nge<\/span><\/h4><\/div><\/div>[\/vc_column_inner][vc_column_inner width=&#8221;1\/2&#8243;]<div class=\"kd_counter   count_left \" ><div class=\"kd_counter_content\"><h4 class=\"kd_counter_number\"><span class=\"kd_number_string\"  data-from=\"0\" data-to=\"250\" data-refresh-interval=\"50\">0<\/span>\n                                  <span class=\"kd_counter_units\" >cm Breite<\/span><\/h4><\/div><\/div>[\/vc_column_inner][\/vc_row_inner][vc_empty_space][vc_separator][vc_empty_space]<a  href=\"https:\/\/www.toilettenwagenverleih.com\/wp-content\/uploads\/2021\/11\/3661-81-1-Sprenger-1-scaled.jpg\"  target=\" _blank\"  title=\"\" class=\"tt_button tt_primary_button btn_primary_color  pull-left\" ><span class=\"prim_text\">DOWNLOAD BAUPLAN<\/span><\/a>[vc_empty_space][vc_column_text]<\/p>\n<ul>\n<li>4 Damen-H\u00e4nge-WC<\/li>\n<li>2 Waschbecken mit Warm- und Kaltwasser<\/li>\n<li>Handtuchpapierspender, Fl\u00fcssigseifenspender, M\u00fclleimer, WC-B\u00fcrste<\/li>\n<\/ul>\n<ul>\n<li>2 Herren-H\u00e4nge-WC<\/li>\n<li>3 Urinale mit Drucksp\u00fclung<\/li>\n<li>2 Waschbecken mit Warm- und Kaltwasser<\/li>\n<li>Handtuchpapierspender, Fl\u00fcssigseifenspender, M\u00fclleimer, WC-B\u00fcrste<\/li>\n<\/ul>\n<ul>\n<li>Fu\u00dfboden in Holzoptik<\/li>\n<li>Raumheizung<\/li>\n<li>LED-Au\u00dfenbeleuchtung<\/li>\n<li>LED-Innenbeleuchtung<\/li>\n<li>Musikanlage (CD, MP3-Player, SD-Karte)<\/li>\n<li>Edelstahlhandlauf<\/li>\n<\/ul>\n<p>[\/vc_column_text][vc_empty_space][vc_column_text]<strong>Ben\u00f6tigte Anschl\u00fcsse:<\/strong><\/p>\n<ul>\n<li>Strombedarf: im Sommer 1 x 230 Volt\/16 Ampere Wechselstrom<\/li>\n<li>Im Winter 2 x 230 Volt\/1&#215;16-Ampere-Drehstrom<\/li>\n<li>\u00be Zoll Wasseranschluss<\/li>\n<\/ul>\n<p>[\/vc_column_text][\/vc_column][\/vc_row][vc_row][vc_column][vc_empty_space][\/vc_column][\/vc_row][vc_row css=&#8221;.vc_custom_1584991088470{background-color: #e5e5e5 !important;}&#8221;][vc_column][vc_raw_html]JTNDZGl2JTIwY2xhc3MlM0QlMjJjb250YWluZXItY3MlMjIlM0UlMEElMjAlMjAlM0NkaXYlMjBjbGFzcyUzRCUyMmFjY29yZGlvbiUyMiUzRSUwQSUyMCUyMCUyMCUyMCUzQ2RsJTNFJTBBJTIwJTIwJTIwJTIwJTIwJTIwJTNDZHQlM0UlMEElMjAlMjAlMjAlMjAlMjAlMjAlMjAlMjAlM0NhJTIwaHJlZiUzRCUyMiUyM2FjY29yZGlvbjElMjIlMjBhcmlhLWV4cGFuZGVkJTNEJTIyZmFsc2UlMjIlMjBhcmlhLWNvbnRyb2xzJTNEJTIyYWNjb3JkaW9uMSUyMiUyMGNsYXNzJTNEJTIyYWNjb3JkaW9uLXRpdGxlJTIwYWNjb3JkaW9uVGl0bGUlMjBqcy1hY2NvcmRpb25UcmlnZ2VyJTIyJTNFSmV0enQlMjB1bnZlcmJpbmRsaWNoJTIwQW5mcmFnZW4lMjElM0MlMkZhJTNFJTBBJTIwJTIwJTIwJTIwJTIwJTIwJTNDJTJGZHQlM0UlMEElMjAlMjAlMjAlMjAlMjAlMjAlM0NkZCUyMGNsYXNzJTNEJTIyYWNjb3JkaW9uLWNvbnRlbnQlMjBhY2NvcmRpb25JdGVtJTIwaXMtY29sbGFwc2VkJTIyJTIwaWQlM0QlMjJhY2NvcmRpb24xJTIyJTIwYXJpYS1oaWRkZW4lM0QlMjJ0cnVlJTIyJTNFJTNDYnIlM0UlM0NiciUzRSUwQSUyMCUyMCUyMCUyMCUyMCUyMCUyMCUyMCU1QmNvbnRhY3QtZm9ybS03JTIwaWQlM0QlMjI4YzgxODZiJTIyJTIwdGl0bGUlM0QlMjJBbmZyYWdlLUZvcm11bGFyJTIyJTVEJTBBJTIwJTIwJTIwJTIwJTIwJTIwJTNDJTJGZGQlM0UlMEElMjAlMjAlMjAlMjAlM0MlMkZkbCUzRSUwQSUyMCUyMCUzQyUyRmRpdiUzRSUwQSUzQyUyRmRpdiUzRSUwQSUwQSUzQ3NjcmlwdCUzRSUwQSUyMCUyMCUyOGZ1bmN0aW9uJTIwJTI4JTI5JTIwJTdCJTBBJTIwJTIwJTIwJTIwdmFyJTIwZCUyMCUzRCUyMGRvY3VtZW50JTJDJTBBJTIwJTIwJTIwJTIwJTIwJTIwYWNjb3JkaW9uVG9nZ2xlcyUyMCUzRCUyMGQucXVlcnlTZWxlY3RvckFsbCUyOCUyNy5qcy1hY2NvcmRpb25UcmlnZ2VyJTI3JTI5JTJDJTBBJTIwJTIwJTIwJTIwJTIwJTIwc2V0QXJpYSUyQyUwQSUyMCUyMCUyMCUyMCUyMCUyMHNldEFjY29yZGlvbkFyaWElMkMlMEElMjAlMjAlMjAlMjAlMjAlMjBzd2l0Y2hBY2NvcmRpb24lMkMlMEElMjAlMjAlMjAlMjAlMjAlMjB0b3VjaFN1cHBvcnRlZCUyMCUzRCUyMCUyOCUyN29udG91Y2hzdGFydCUyNyUyMGluJTIwd2luZG93JTI5JTJDJTBBJTIwJTIwJTIwJTIwJTIwJTIwcG9pbnRlclN1cHBvcnRlZCUyMCUzRCUyMCUyOCUyN3BvaW50ZXJkb3duJTI3JTIwaW4lMjB3aW5kb3clMjklM0IlMEElMEElMjAlMjAlMjAlMjBza2lwQ2xpY2tEZWxheSUyMCUzRCUyMGZ1bmN0aW9uJTIwJTI4ZSUyOSUyMCU3QiUwQSUyMCUyMCUyMCUyMCUyMCUyMGUucHJldmVudERlZmF1bHQlMjglMjklM0IlMEElMjAlMjAlMjAlMjAlMjAlMjBlLnRhcmdldC5jbGljayUyOCUyOSUzQiUwQSUyMCUyMCUyMCUyMCU3RCUwQSUwQSUyMCUyMCUyMCUyMHNldEFyaWFBdHRyJTIwJTNEJTIwZnVuY3Rpb24lMjAlMjhlbCUyQyUyMGFyaWFUeXBlJTJDJTIwbmV3UHJvcGVydHklMjklMjAlN0IlMEElMjAlMjAlMjAlMjAlMjAlMjBlbC5zZXRBdHRyaWJ1dGUlMjhhcmlhVHlwZSUyQyUyMG5ld1Byb3BlcnR5JTI5JTNCJTBBJTIwJTIwJTIwJTIwJTdEJTNCJTBBJTIwJTIwJTIwJTIwc2V0QWNjb3JkaW9uQXJpYSUyMCUzRCUyMGZ1bmN0aW9uJTIwJTI4ZWwxJTJDJTIwZWwyJTJDJTIwZXhwYW5kZWQlMjklMjAlN0IlMEElMjAlMjAlMjAlMjAlMjAlMjBzd2l0Y2glMjAlMjhleHBhbmRlZCUyOSUyMCU3QiUwQSUyMCUyMCUyMCUyMCUyMCUyMCUyMCUyMGNhc2UlMjAlMjJ0cnVlJTIyJTNBJTBBJTIwJTIwJTIwJTIwJTIwJTIwJTIwJTIwJTIwJTIwc2V0QXJpYUF0dHIlMjhlbDElMkMlMjAlMjdhcmlhLWV4cGFuZGVkJTI3JTJDJTIwJTI3dHJ1ZSUyNyUyOSUzQiUwQSUyMCUyMCUyMCUyMCUyMCUyMCUyMCUyMCUyMCUyMHNldEFyaWFBdHRyJTI4ZWwyJTJDJTIwJTI3YXJpYS1oaWRkZW4lMjclMkMlMjAlMjdmYWxzZSUyNyUyOSUzQiUwQSUyMCUyMCUyMCUyMCUyMCUyMCUyMCUyMCUyMCUyMGJyZWFrJTNCJTBBJTIwJTIwJTIwJTIwJTIwJTIwJTIwJTIwY2FzZSUyMCUyMmZhbHNlJTIyJTNBJTBBJTIwJTIwJTIwJTIwJTIwJTIwJTIwJTIwJTIwJTIwc2V0QXJpYUF0dHIlMjhlbDElMkMlMjAlMjdhcmlhLWV4cGFuZGVkJTI3JTJDJTIwJTI3ZmFsc2UlMjclMjklM0IlMEElMjAlMjAlMjAlMjAlMjAlMjAlMjAlMjAlMjAlMjBzZXRBcmlhQXR0ciUyOGVsMiUyQyUyMCUyN2FyaWEtaGlkZGVuJTI3JTJDJTIwJTI3dHJ1ZSUyNyUyOSUzQiUwQSUyMCUyMCUyMCUyMCUyMCUyMCUyMCUyMCUyMCUyMGJyZWFrJTNCJTBBJTIwJTIwJTIwJTIwJTIwJTIwJTIwJTIwZGVmYXVsdCUzQSUwQSUyMCUyMCUyMCUyMCUyMCUyMCUyMCUyMCUyMCUyMGJyZWFrJTNCJTBBJTIwJTIwJTIwJTIwJTIwJTIwJTdEJTBBJTIwJTIwJTIwJTIwJTdEJTNCJTBBJTIwJTIwJTIwJTIwJTJGJTJGZnVuY3Rpb24lMEElMjAlMjAlMjAlMjBzd2l0Y2hBY2NvcmRpb24lMjAlM0QlMjBmdW5jdGlvbiUyMCUyOGUlMjklMjAlN0IlMEElMjAlMjAlMjAlMjAlMjAlMjBjb25zb2xlLmxvZyUyOCUyMnRyaWdnZXJlZCUyMiUyOSUzQiUwQSUyMCUyMCUyMCUyMCUyMCUyMGUucHJldmVudERlZmF1bHQlMjglMjklM0IlMEElMjAlMjAlMjAlMjAlMjAlMjB2YXIlMjB0aGlzQW5zd2VyJTIwJTNEJTIwZS50YXJnZXQucGFyZW50Tm9kZS5uZXh0RWxlbWVudFNpYmxpbmclM0IlMEElMjAlMjAlMjAlMjAlMjAlMjB2YXIlMjB0aGlzUXVlc3Rpb24lMjAlM0QlMjBlLnRhcmdldCUzQiUwQSUyMCUyMCUyMCUyMCUyMCUyMGlmJTIwJTI4dGhpc0Fuc3dlci5jbGFzc0xpc3QuY29udGFpbnMlMjglMjdpcy1jb2xsYXBzZWQlMjclMjklMjklMjAlN0IlMEElMjAlMjAlMjAlMjAlMjAlMjAlMjAlMjBzZXRBY2NvcmRpb25BcmlhJTI4dGhpc1F1ZXN0aW9uJTJDJTIwdGhpc0Fuc3dlciUyQyUyMCUyN3RydWUlMjclMjklM0IlMEElMjAlMjAlMjAlMjAlMjAlMjAlN0QlMjBlbHNlJTIwJTdCJTBBJTIwJTIwJTIwJTIwJTIwJTIwJTIwJTIwc2V0QWNjb3JkaW9uQXJpYSUyOHRoaXNRdWVzdGlvbiUyQyUyMHRoaXNBbnN3ZXIlMkMlMjAlMjdmYWxzZSUyNyUyOSUzQiUwQSUyMCUyMCUyMCUyMCUyMCUyMCU3RCUwQSUyMCUyMCUyMCUyMCUyMCUyMHRoaXNRdWVzdGlvbi5jbGFzc0xpc3QudG9nZ2xlJTI4JTI3aXMtY29sbGFwc2VkJTI3JTI5JTNCJTBBJTIwJTIwJTIwJTIwJTIwJTIwdGhpc1F1ZXN0aW9uLmNsYXNzTGlzdC50b2dnbGUlMjglMjdpcy1leHBhbmRlZCUyNyUyOSUzQiUwQSUyMCUyMCUyMCUyMCUyMCUyMHRoaXNBbnN3ZXIuY2xhc3NMaXN0LnRvZ2dsZSUyOCUyN2lzLWNvbGxhcHNlZCUyNyUyOSUzQiUwQSUyMCUyMCUyMCUyMCUyMCUyMHRoaXNBbnN3ZXIuY2xhc3NMaXN0LnRvZ2dsZSUyOCUyN2lzLWV4cGFuZGVkJTI3JTI5JTNCJTBBJTIwJTIwJTIwJTIwJTdEJTNCJTBBJTIwJTIwJTIwJTIwZm9yJTIwJTI4dmFyJTIwaSUyMCUzRCUyMDAlMkMlMjBsZW4lMjAlM0QlMjBhY2NvcmRpb25Ub2dnbGVzLmxlbmd0aCUzQiUyMGklMjAlM0MlMjBsZW4lM0IlMjBpJTJCJTJCJTI5JTIwJTdCJTBBJTIwJTIwJTIwJTIwJTIwJTIwaWYlMjAlMjh0b3VjaFN1cHBvcnRlZCUyOSUyMCU3QiUwQSUyMCUyMCUyMCUyMCUyMCUyMCUyMCUyMGFjY29yZGlvblRvZ2dsZXMlNUJpJTVELmFkZEV2ZW50TGlzdGVuZXIlMjglMjd0b3VjaHN0YXJ0JTI3JTJDJTIwc2tpcENsaWNrRGVsYXklMkMlMjBmYWxzZSUyOSUzQiUwQSUyMCUyMCUyMCUyMCUyMCUyMCU3RCUwQSUyMCUyMCUyMCUyMCUyMCUyMGlmJTIwJTI4cG9pbnRlclN1cHBvcnRlZCUyOSUyMCU3QiUwQSUyMCUyMCUyMCUyMCUyMCUyMCUyMCUyMGFjY29yZGlvblRvZ2dsZXMlNUJpJTVELmFkZEV2ZW50TGlzdGVuZXIlMjglMjdwb2ludGVyZG93biUyNyUyQyUyMHNraXBDbGlja0RlbGF5JTJDJTIwZmFsc2UlMjklM0IlMEElMjAlMjAlMjAlMjAlMjAlMjAlN0QlMEElMjAlMjAlMjAlMjAlMjAlMjBhY2NvcmRpb25Ub2dnbGVzJTVCaSU1RC5hZGRFdmVudExpc3RlbmVyJTI4JTI3Y2xpY2slMjclMkMlMjBzd2l0Y2hBY2NvcmRpb24lMkMlMjBmYWxzZSUyOSUzQiUwQSUyMCUyMCUyMCUyMCU3RCUwQSUyMCUyMCU3RCUyOSUyOCUyOSUzQiUwQSUzQyUyRnNjcmlwdCUzRSUwQQ==[\/vc_raw_html][\/vc_column][\/vc_row][vc_row][vc_column][vc_raw_html]JTNDYnIlM0UlM0NiciUzRSUzQ3NtYWxsJTNFJTJBQmVpJTIwZGVuJTIwb2JlbiUyMGF1ZmdlZiVDMyVCQ2hydGVuJTIwQW5nYWJlbiUyMGhhbmRlbHQlMjBlcyUyMHNpY2glMjB1bSUyMFJpY2h0d2VydGUlMjBiZWklMjBWZXJhbnN0YWx0dW5nZW4lMjBtaXQlMjBFc3NlbiUyMCUyNiUyMEdldHIlQzMlQTRua2VuLiUyMCUzQ2JyJTNFRGllc2UlMjBaYWhsZW4lMjB2YXJpaWVyZW4lMjBqZSUyMG5hY2glMjBBcnQlMjBkZXIlMjBWZXJhbnN0YWx0dW5nJTIwd2llJTIwei5CLiUyMGVpbmUlMjBBdXNzdGVsbHVuZy4lMjAlM0NiciUzRSUyMEVudHNjaGVpZGVuZCUyMGYlQzMlQkNyJTIwZGllJTIwJUUyJTgwJTlDcmljaHRpZ2UlRTIlODAlOUQlMjBNb2RlbGxhdXN3YWhsJTIwaXN0JTIwbmF0JUMzJUJDcmxpY2glMjBJaHJlJTIwVmVyYW5zdGFsdHVuZy4lM0MlMkZzbWFsbCUzRQ==[\/vc_raw_html][\/vc_column][\/vc_row]<\/p>\n","protected":false},"excerpt":{"rendered":"<p>[vc_row][vc_column width=&#8221;2\/3&#8243; css=&#8221;.vc_custom_1519734538371{padding-right: 25px !important;}&#8221; offset=&#8221;vc_col-lg-8 vc_col-md-12 vc_col-xs-12&#8243;][vc_empty_space height=&#8221;16px&#8221;][vc_masonry_media_grid grid_id=&#8221;vc_gid:1710759943499-bf7c290c-dfda-6&#8243; include=&#8221;8452,8453,8454,8455,8456&#8243;][vc_empty_space height=&#8221;16px&#8221;][\/vc_column][vc_column width=&#8221;1\/3&#8243; offset=&#8221;vc_col-lg-4 vc_col-md-12 vc_col-xs-12&#8243;][vc_row_inner][vc_column_inner width=&#8221;1\/2&#8243;][\/vc_column_inner][vc_column_inner width=&#8221;1\/2&#8243;][\/vc_column_inner][\/vc_row_inner][vc_empty_space][vc_separator][vc_empty_space][vc_empty_space][vc_column_text] 4 Damen-H\u00e4nge-WC [&hellip;]<\/p>\n","protected":false},"author":2,"featured_media":7676,"parent":7678,"menu_order":0,"comment_status":"closed","ping_status":"closed","template":"","meta":{"footnotes":""},"class_list":["post-8451","page","type-page","status-publish","has-post-thumbnail","hentry"],"yoast_head":"<!-- This site is optimized with the Yoast SEO plugin v26.4 - https:\/\/yoast.com\/wordpress\/plugins\/seo\/ -->\n<title>Toilettenwagen \u201c4&amp;2\u201d silber XL &#8226; Toilettenwagenverleih Sprenger<\/title>\n<meta name=\"robots\" content=\"index, follow, max-snippet:-1, max-image-preview:large, max-video-preview:-1\" \/>\n<link rel=\"canonical\" href=\"https:\/\/www.toilettenwagenverleih.com\/index.php\/standardwagen\/toilettenwagen-42-silber-xl\/\" \/>\n<meta property=\"og:locale\" content=\"de_DE\" \/>\n<meta property=\"og:type\" content=\"article\" \/>\n<meta property=\"og:title\" content=\"Toilettenwagen \u201c4&amp;2\u201d silber XL &#8226; Toilettenwagenverleih Sprenger\" \/>\n<meta property=\"og:description\" content=\"[vc_row][vc_column width=&#8221;2\/3&#8243; css=&#8221;.vc_custom_1519734538371{padding-right: 25px !important;}&#8221; offset=&#8221;vc_col-lg-8 vc_col-md-12 vc_col-xs-12&#8243;][vc_empty_space height=&#8221;16px&#8221;][vc_masonry_media_grid grid_id=&#8221;vc_gid:1710759943499-bf7c290c-dfda-6&#8243; include=&#8221;8452,8453,8454,8455,8456&#8243;][vc_empty_space height=&#8221;16px&#8221;][\/vc_column][vc_column width=&#8221;1\/3&#8243; offset=&#8221;vc_col-lg-4 vc_col-md-12 vc_col-xs-12&#8243;][vc_row_inner][vc_column_inner width=&#8221;1\/2&#8243;][\/vc_column_inner][vc_column_inner width=&#8221;1\/2&#8243;][\/vc_column_inner][\/vc_row_inner][vc_empty_space][vc_separator][vc_empty_space][vc_empty_space][vc_column_text] 4 Damen-H\u00e4nge-WC [&hellip;]\" \/>\n<meta property=\"og:url\" content=\"https:\/\/www.toilettenwagenverleih.com\/index.php\/standardwagen\/toilettenwagen-42-silber-xl\/\" \/>\n<meta property=\"og:site_name\" content=\"Toilettenwagenverleih Sprenger\" \/>\n<meta property=\"article:modified_time\" content=\"2024-03-18T11:08:35+00:00\" \/>\n<meta property=\"og:image\" content=\"https:\/\/www.toilettenwagenverleih.com\/wp-content\/uploads\/2020\/02\/haendewaschen.jpg\" \/>\n\t<meta property=\"og:image:width\" content=\"1920\" \/>\n\t<meta property=\"og:image:height\" content=\"800\" \/>\n\t<meta property=\"og:image:type\" content=\"image\/jpeg\" \/>\n<meta name=\"twitter:card\" content=\"summary_large_image\" \/>\n<meta name=\"twitter:label1\" content=\"Gesch\u00e4tzte Lesezeit\" \/>\n\t<meta name=\"twitter:data1\" content=\"1\u00a0Minute\" \/>\n<script type=\"application\/ld+json\" class=\"yoast-schema-graph\">{\"@context\":\"https:\/\/schema.org\",\"@graph\":[{\"@type\":\"WebPage\",\"@id\":\"https:\/\/www.toilettenwagenverleih.com\/index.php\/standardwagen\/toilettenwagen-42-silber-xl\/\",\"url\":\"https:\/\/www.toilettenwagenverleih.com\/index.php\/standardwagen\/toilettenwagen-42-silber-xl\/\",\"name\":\"Toilettenwagen \u201c4&2\u201d silber XL &#8226; Toilettenwagenverleih Sprenger\",\"isPartOf\":{\"@id\":\"https:\/\/www.toilettenwagenverleih.com\/#website\"},\"primaryImageOfPage\":{\"@id\":\"https:\/\/www.toilettenwagenverleih.com\/index.php\/standardwagen\/toilettenwagen-42-silber-xl\/#primaryimage\"},\"image\":{\"@id\":\"https:\/\/www.toilettenwagenverleih.com\/index.php\/standardwagen\/toilettenwagen-42-silber-xl\/#primaryimage\"},\"thumbnailUrl\":\"https:\/\/www.toilettenwagenverleih.com\/wp-content\/uploads\/2020\/02\/haendewaschen.jpg\",\"datePublished\":\"2021-11-26T10:31:52+00:00\",\"dateModified\":\"2024-03-18T11:08:35+00:00\",\"breadcrumb\":{\"@id\":\"https:\/\/www.toilettenwagenverleih.com\/index.php\/standardwagen\/toilettenwagen-42-silber-xl\/#breadcrumb\"},\"inLanguage\":\"de\",\"potentialAction\":[{\"@type\":\"ReadAction\",\"target\":[\"https:\/\/www.toilettenwagenverleih.com\/index.php\/standardwagen\/toilettenwagen-42-silber-xl\/\"]}]},{\"@type\":\"ImageObject\",\"inLanguage\":\"de\",\"@id\":\"https:\/\/www.toilettenwagenverleih.com\/index.php\/standardwagen\/toilettenwagen-42-silber-xl\/#primaryimage\",\"url\":\"https:\/\/www.toilettenwagenverleih.com\/wp-content\/uploads\/2020\/02\/haendewaschen.jpg\",\"contentUrl\":\"https:\/\/www.toilettenwagenverleih.com\/wp-content\/uploads\/2020\/02\/haendewaschen.jpg\",\"width\":1920,\"height\":800},{\"@type\":\"BreadcrumbList\",\"@id\":\"https:\/\/www.toilettenwagenverleih.com\/index.php\/standardwagen\/toilettenwagen-42-silber-xl\/#breadcrumb\",\"itemListElement\":[{\"@type\":\"ListItem\",\"position\":1,\"name\":\"Startseite\",\"item\":\"https:\/\/www.toilettenwagenverleih.com\/\"},{\"@type\":\"ListItem\",\"position\":2,\"name\":\"Standardwagen\",\"item\":\"https:\/\/www.toilettenwagenverleih.com\/index.php\/standardwagen\/\"},{\"@type\":\"ListItem\",\"position\":3,\"name\":\"Toilettenwagen \u201c4&#038;2\u201d silber XL\"}]},{\"@type\":\"WebSite\",\"@id\":\"https:\/\/www.toilettenwagenverleih.com\/#website\",\"url\":\"https:\/\/www.toilettenwagenverleih.com\/\",\"name\":\"Toilettenwagenverleih Sprenger\",\"description\":\"Eine weitere WordPress-Website\",\"publisher\":{\"@id\":\"https:\/\/www.toilettenwagenverleih.com\/#organization\"},\"potentialAction\":[{\"@type\":\"SearchAction\",\"target\":{\"@type\":\"EntryPoint\",\"urlTemplate\":\"https:\/\/www.toilettenwagenverleih.com\/?s={search_term_string}\"},\"query-input\":{\"@type\":\"PropertyValueSpecification\",\"valueRequired\":true,\"valueName\":\"search_term_string\"}}],\"inLanguage\":\"de\"},{\"@type\":\"Organization\",\"@id\":\"https:\/\/www.toilettenwagenverleih.com\/#organization\",\"name\":\"Toilenwagenverlei Thomas Sprenger\",\"url\":\"https:\/\/www.toilettenwagenverleih.com\/\",\"logo\":{\"@type\":\"ImageObject\",\"inLanguage\":\"de\",\"@id\":\"https:\/\/www.toilettenwagenverleih.com\/#\/schema\/logo\/image\/\",\"url\":\"https:\/\/www.toilettenwagenverleih.com\/wp-content\/uploads\/2020\/02\/logo-web1.png\",\"contentUrl\":\"https:\/\/www.toilettenwagenverleih.com\/wp-content\/uploads\/2020\/02\/logo-web1.png\",\"width\":153,\"height\":75,\"caption\":\"Toilenwagenverlei Thomas Sprenger\"},\"image\":{\"@id\":\"https:\/\/www.toilettenwagenverleih.com\/#\/schema\/logo\/image\/\"}}]}<\/script>\n<!-- \/ Yoast SEO plugin. -->","yoast_head_json":{"title":"Toilettenwagen \u201c4&2\u201d silber XL &#8226; Toilettenwagenverleih Sprenger","robots":{"index":"index","follow":"follow","max-snippet":"max-snippet:-1","max-image-preview":"max-image-preview:large","max-video-preview":"max-video-preview:-1"},"canonical":"https:\/\/www.toilettenwagenverleih.com\/index.php\/standardwagen\/toilettenwagen-42-silber-xl\/","og_locale":"de_DE","og_type":"article","og_title":"Toilettenwagen \u201c4&2\u201d silber XL &#8226; Toilettenwagenverleih Sprenger","og_description":"[vc_row][vc_column width=&#8221;2\/3&#8243; css=&#8221;.vc_custom_1519734538371{padding-right: 25px !important;}&#8221; offset=&#8221;vc_col-lg-8 vc_col-md-12 vc_col-xs-12&#8243;][vc_empty_space height=&#8221;16px&#8221;][vc_masonry_media_grid grid_id=&#8221;vc_gid:1710759943499-bf7c290c-dfda-6&#8243; include=&#8221;8452,8453,8454,8455,8456&#8243;][vc_empty_space height=&#8221;16px&#8221;][\/vc_column][vc_column width=&#8221;1\/3&#8243; offset=&#8221;vc_col-lg-4 vc_col-md-12 vc_col-xs-12&#8243;][vc_row_inner][vc_column_inner width=&#8221;1\/2&#8243;][\/vc_column_inner][vc_column_inner width=&#8221;1\/2&#8243;][\/vc_column_inner][\/vc_row_inner][vc_empty_space][vc_separator][vc_empty_space][vc_empty_space][vc_column_text] 4 Damen-H\u00e4nge-WC [&hellip;]","og_url":"https:\/\/www.toilettenwagenverleih.com\/index.php\/standardwagen\/toilettenwagen-42-silber-xl\/","og_site_name":"Toilettenwagenverleih Sprenger","article_modified_time":"2024-03-18T11:08:35+00:00","og_image":[{"width":1920,"height":800,"url":"https:\/\/www.toilettenwagenverleih.com\/wp-content\/uploads\/2020\/02\/haendewaschen.jpg","type":"image\/jpeg"}],"twitter_card":"summary_large_image","twitter_misc":{"Gesch\u00e4tzte Lesezeit":"1\u00a0Minute"},"schema":{"@context":"https:\/\/schema.org","@graph":[{"@type":"WebPage","@id":"https:\/\/www.toilettenwagenverleih.com\/index.php\/standardwagen\/toilettenwagen-42-silber-xl\/","url":"https:\/\/www.toilettenwagenverleih.com\/index.php\/standardwagen\/toilettenwagen-42-silber-xl\/","name":"Toilettenwagen \u201c4&2\u201d silber XL &#8226; Toilettenwagenverleih Sprenger","isPartOf":{"@id":"https:\/\/www.toilettenwagenverleih.com\/#website"},"primaryImageOfPage":{"@id":"https:\/\/www.toilettenwagenverleih.com\/index.php\/standardwagen\/toilettenwagen-42-silber-xl\/#primaryimage"},"image":{"@id":"https:\/\/www.toilettenwagenverleih.com\/index.php\/standardwagen\/toilettenwagen-42-silber-xl\/#primaryimage"},"thumbnailUrl":"https:\/\/www.toilettenwagenverleih.com\/wp-content\/uploads\/2020\/02\/haendewaschen.jpg","datePublished":"2021-11-26T10:31:52+00:00","dateModified":"2024-03-18T11:08:35+00:00","breadcrumb":{"@id":"https:\/\/www.toilettenwagenverleih.com\/index.php\/standardwagen\/toilettenwagen-42-silber-xl\/#breadcrumb"},"inLanguage":"de","potentialAction":[{"@type":"ReadAction","target":["https:\/\/www.toilettenwagenverleih.com\/index.php\/standardwagen\/toilettenwagen-42-silber-xl\/"]}]},{"@type":"ImageObject","inLanguage":"de","@id":"https:\/\/www.toilettenwagenverleih.com\/index.php\/standardwagen\/toilettenwagen-42-silber-xl\/#primaryimage","url":"https:\/\/www.toilettenwagenverleih.com\/wp-content\/uploads\/2020\/02\/haendewaschen.jpg","contentUrl":"https:\/\/www.toilettenwagenverleih.com\/wp-content\/uploads\/2020\/02\/haendewaschen.jpg","width":1920,"height":800},{"@type":"BreadcrumbList","@id":"https:\/\/www.toilettenwagenverleih.com\/index.php\/standardwagen\/toilettenwagen-42-silber-xl\/#breadcrumb","itemListElement":[{"@type":"ListItem","position":1,"name":"Startseite","item":"https:\/\/www.toilettenwagenverleih.com\/"},{"@type":"ListItem","position":2,"name":"Standardwagen","item":"https:\/\/www.toilettenwagenverleih.com\/index.php\/standardwagen\/"},{"@type":"ListItem","position":3,"name":"Toilettenwagen \u201c4&#038;2\u201d silber XL"}]},{"@type":"WebSite","@id":"https:\/\/www.toilettenwagenverleih.com\/#website","url":"https:\/\/www.toilettenwagenverleih.com\/","name":"Toilettenwagenverleih Sprenger","description":"Eine weitere WordPress-Website","publisher":{"@id":"https:\/\/www.toilettenwagenverleih.com\/#organization"},"potentialAction":[{"@type":"SearchAction","target":{"@type":"EntryPoint","urlTemplate":"https:\/\/www.toilettenwagenverleih.com\/?s={search_term_string}"},"query-input":{"@type":"PropertyValueSpecification","valueRequired":true,"valueName":"search_term_string"}}],"inLanguage":"de"},{"@type":"Organization","@id":"https:\/\/www.toilettenwagenverleih.com\/#organization","name":"Toilenwagenverlei Thomas Sprenger","url":"https:\/\/www.toilettenwagenverleih.com\/","logo":{"@type":"ImageObject","inLanguage":"de","@id":"https:\/\/www.toilettenwagenverleih.com\/#\/schema\/logo\/image\/","url":"https:\/\/www.toilettenwagenverleih.com\/wp-content\/uploads\/2020\/02\/logo-web1.png","contentUrl":"https:\/\/www.toilettenwagenverleih.com\/wp-content\/uploads\/2020\/02\/logo-web1.png","width":153,"height":75,"caption":"Toilenwagenverlei Thomas Sprenger"},"image":{"@id":"https:\/\/www.toilettenwagenverleih.com\/#\/schema\/logo\/image\/"}}]}},"_links":{"self":[{"href":"https:\/\/www.toilettenwagenverleih.com\/index.php\/wp-json\/wp\/v2\/pages\/8451","targetHints":{"allow":["GET"]}}],"collection":[{"href":"https:\/\/www.toilettenwagenverleih.com\/index.php\/wp-json\/wp\/v2\/pages"}],"about":[{"href":"https:\/\/www.toilettenwagenverleih.com\/index.php\/wp-json\/wp\/v2\/types\/page"}],"author":[{"embeddable":true,"href":"https:\/\/www.toilettenwagenverleih.com\/index.php\/wp-json\/wp\/v2\/users\/2"}],"replies":[{"embeddable":true,"href":"https:\/\/www.toilettenwagenverleih.com\/index.php\/wp-json\/wp\/v2\/comments?post=8451"}],"version-history":[{"count":3,"href":"https:\/\/www.toilettenwagenverleih.com\/index.php\/wp-json\/wp\/v2\/pages\/8451\/revisions"}],"predecessor-version":[{"id":8628,"href":"https:\/\/www.toilettenwagenverleih.com\/index.php\/wp-json\/wp\/v2\/pages\/8451\/revisions\/8628"}],"up":[{"embeddable":true,"href":"https:\/\/www.toilettenwagenverleih.com\/index.php\/wp-json\/wp\/v2\/pages\/7678"}],"wp:featuredmedia":[{"embeddable":true,"href":"https:\/\/www.toilettenwagenverleih.com\/index.php\/wp-json\/wp\/v2\/media\/7676"}],"wp:attachment":[{"href":"https:\/\/www.toilettenwagenverleih.com\/index.php\/wp-json\/wp\/v2\/media?parent=8451"}],"curies":[{"name":"wp","href":"https:\/\/api.w.org\/{rel}","templated":true}]}}