{"id":7983,"date":"2020-05-06T17:22:52","date_gmt":"2020-05-06T15:22:52","guid":{"rendered":"https:\/\/toilettenwagenverleih.com\/?page_id=7983"},"modified":"2024-03-18T12:09:29","modified_gmt":"2024-03-18T11:09:29","slug":"toilettenwagen-11-barrierefrei","status":"publish","type":"page","link":"https:\/\/www.toilettenwagenverleih.com\/index.php\/barrierefreie-wagen\/toilettenwagen-11-barrierefrei\/","title":{"rendered":"Toilettenwagen \u201e1&#038;1 barrierefrei\u201c"},"content":{"rendered":"<p>[vc_row][vc_column width=&#8221;2\/3&#8243; css=&#8221;.vc_custom_1519734538371{padding-right: 25px !important;}&#8221; offset=&#8221;vc_col-lg-8 vc_col-md-12 vc_col-xs-12&#8243;]<header class=\"kd-section-title col-lg-12 text-left    \" ><h2 class=\"separator_off\" >Toilettenwagen 1&amp;1 + Rollstuhlfahrer WC<\/h2><h6 class=\"subtitle \" >* Geeignet f\u00fcr Veranstaltungen bis ca. 100 Personen.<\/h6><\/header>[vc_column_text]TOILETTENWAGEN mit BARRIEREFREIEM Toilettenraum (Behinderten-WC) f\u00fcr Menschen mit eingeschr\u00e4nkter Mobilit\u00e4t, inkl. Babywickeltisch!!<\/p>\n<p>Sie mieten einen neuwertigen, komfortablen Toilettenwagen der am Aufstellungsort abgesenkt wird.<\/p>\n<p>[\/vc_column_text][vc_empty_space height=&#8221;16px&#8221;][vc_masonry_media_grid grid_id=&#8221;vc_gid:1710759949665-7c8fb424-4268-9&#8243; include=&#8221;8176,8173,8174,8172,8175&#8243;][vc_empty_space height=&#8221;16px&#8221;][\/vc_column][vc_column width=&#8221;1\/3&#8243; offset=&#8221;vc_col-lg-4 vc_col-md-12 vc_col-xs-12&#8243;][vc_row_inner][vc_column_inner width=&#8221;1\/2&#8243;]<div class=\"kd_counter   count_left \" ><div class=\"kd_counter_content\"><h4 class=\"kd_counter_number\"><span class=\"kd_number_string\"  data-from=\"0\" data-to=\"520\" data-refresh-interval=\"50\">0<\/span>\n                                  <span class=\"kd_counter_units\" >cm Gesammtl\u00e4nge<\/span><\/h4><\/div><\/div>[\/vc_column_inner][vc_column_inner width=&#8221;1\/2&#8243;]<div class=\"kd_counter   count_left \" ><div class=\"kd_counter_content\"><h4 class=\"kd_counter_number\"><span class=\"kd_number_string\"  data-from=\"0\" data-to=\"400\" data-refresh-interval=\"50\">0<\/span>\n                                  <span class=\"kd_counter_units\" >cm Breite<\/span><\/h4><\/div><\/div>[\/vc_column_inner][\/vc_row_inner][vc_empty_space][vc_separator][vc_empty_space]<a  href=\"https:\/\/toilettenwagenverleih.com\/wp-content\/uploads\/2020\/03\/11-Rollstuhlfahrer-WC-Skizze-1_compressed.pdf\"  target=\" _blank\"  title=\"\" class=\"tt_button tt_primary_button btn_primary_color  pull-left\" ><span class=\"prim_text\">DOWNLOAD BAUPLAN<\/span><\/a>[vc_empty_space][vc_column_text]<\/p>\n<ul>\n<li>Behindertentoilette mit St\u00fctzen (hochklappbar)<\/li>\n<li>Handwaschbecken mit flie\u00dfend Warm- und Kaltwasser<\/li>\n<li>Baby-Wickeltisch<\/li>\n<li>Seifenspender, Handtuchspender, M\u00fclleimer, WC-B\u00fcrste und Heizl\u00fcfter, Musikanlage (CD, MP3-Player, SD-Karte)<\/li>\n<li>Dachluke f\u00fcr Frischluft und Tageslicht<\/li>\n<li>2 Unisex-Toiletten mit Handwaschbecken und flie\u00dfend Warm- und Kaltwasser<\/li>\n<li>M\u00fclleimer<\/li>\n<li>Seifenspender<\/li>\n<li>Handtuchspender<\/li>\n<li>WC-B\u00fcrsten und Heizl\u00fcfter<\/li>\n<li>Dachluke f\u00fcr Frischluft und Tageslicht<\/li>\n<\/ul>\n<p>[\/vc_column_text][vc_empty_space][vc_column_text]<strong>Ben\u00f6tigte Anschl\u00fcsse:<\/strong><\/p>\n<ul>\n<li>Strombedarf: im Sommer oder Winter 1 x 230 Volt\/16 Ampere Wechselstrom<\/li>\n<li>\u00bd \u00a0Zoll Wasseranschluss<\/li>\n<li>1 Abwasseranschluss<\/li>\n<\/ul>\n<p>[\/vc_column_text][vc_empty_space][\/vc_column][\/vc_row][vc_row css=&#8221;.vc_custom_1584991088470{background-color: #e5e5e5 !important;}&#8221;][vc_column][vc_raw_html]JTNDZGl2JTIwY2xhc3MlM0QlMjJjb250YWluZXItY3MlMjIlM0UlMEElMjAlMjAlM0NkaXYlMjBjbGFzcyUzRCUyMmFjY29yZGlvbiUyMiUzRSUwQSUyMCUyMCUyMCUyMCUzQ2RsJTNFJTBBJTIwJTIwJTIwJTIwJTIwJTIwJTNDZHQlM0UlMEElMjAlMjAlMjAlMjAlMjAlMjAlMjAlMjAlM0NhJTIwaHJlZiUzRCUyMiUyM2FjY29yZGlvbjElMjIlMjBhcmlhLWV4cGFuZGVkJTNEJTIyZmFsc2UlMjIlMjBhcmlhLWNvbnRyb2xzJTNEJTIyYWNjb3JkaW9uMSUyMiUyMGNsYXNzJTNEJTIyYWNjb3JkaW9uLXRpdGxlJTIwYWNjb3JkaW9uVGl0bGUlMjBqcy1hY2NvcmRpb25UcmlnZ2VyJTIyJTNFSmV0enQlMjB1bnZlcmJpbmRsaWNoJTIwQW5mcmFnZW4lMjElM0MlMkZhJTNFJTBBJTIwJTIwJTIwJTIwJTIwJTIwJTNDJTJGZHQlM0UlMEElMjAlMjAlMjAlMjAlMjAlMjAlM0NkZCUyMGNsYXNzJTNEJTIyYWNjb3JkaW9uLWNvbnRlbnQlMjBhY2NvcmRpb25JdGVtJTIwaXMtY29sbGFwc2VkJTIyJTIwaWQlM0QlMjJhY2NvcmRpb24xJTIyJTIwYXJpYS1oaWRkZW4lM0QlMjJ0cnVlJTIyJTNFJTNDYnIlM0UlM0NiciUzRSUwQSUyMCUyMCUyMCUyMCUyMCUyMCUyMCUyMCU1QmNvbnRhY3QtZm9ybS03JTIwaWQlM0QlMjI4YzgxODZiJTIyJTIwdGl0bGUlM0QlMjJBbmZyYWdlLUZvcm11bGFyJTIyJTVEJTBBJTIwJTIwJTIwJTIwJTIwJTIwJTNDJTJGZGQlM0UlMEElMjAlMjAlMjAlMjAlM0MlMkZkbCUzRSUwQSUyMCUyMCUzQyUyRmRpdiUzRSUwQSUzQyUyRmRpdiUzRSUwQSUwQSUzQ3NjcmlwdCUzRSUwQSUyMCUyMCUyOGZ1bmN0aW9uJTIwJTI4JTI5JTIwJTdCJTBBJTIwJTIwJTIwJTIwdmFyJTIwZCUyMCUzRCUyMGRvY3VtZW50JTJDJTBBJTIwJTIwJTIwJTIwJTIwJTIwYWNjb3JkaW9uVG9nZ2xlcyUyMCUzRCUyMGQucXVlcnlTZWxlY3RvckFsbCUyOCUyNy5qcy1hY2NvcmRpb25UcmlnZ2VyJTI3JTI5JTJDJTBBJTIwJTIwJTIwJTIwJTIwJTIwc2V0QXJpYSUyQyUwQSUyMCUyMCUyMCUyMCUyMCUyMHNldEFjY29yZGlvbkFyaWElMkMlMEElMjAlMjAlMjAlMjAlMjAlMjBzd2l0Y2hBY2NvcmRpb24lMkMlMEElMjAlMjAlMjAlMjAlMjAlMjB0b3VjaFN1cHBvcnRlZCUyMCUzRCUyMCUyOCUyN29udG91Y2hzdGFydCUyNyUyMGluJTIwd2luZG93JTI5JTJDJTBBJTIwJTIwJTIwJTIwJTIwJTIwcG9pbnRlclN1cHBvcnRlZCUyMCUzRCUyMCUyOCUyN3BvaW50ZXJkb3duJTI3JTIwaW4lMjB3aW5kb3clMjklM0IlMEElMEElMjAlMjAlMjAlMjBza2lwQ2xpY2tEZWxheSUyMCUzRCUyMGZ1bmN0aW9uJTIwJTI4ZSUyOSUyMCU3QiUwQSUyMCUyMCUyMCUyMCUyMCUyMGUucHJldmVudERlZmF1bHQlMjglMjklM0IlMEElMjAlMjAlMjAlMjAlMjAlMjBlLnRhcmdldC5jbGljayUyOCUyOSUzQiUwQSUyMCUyMCUyMCUyMCU3RCUwQSUwQSUyMCUyMCUyMCUyMHNldEFyaWFBdHRyJTIwJTNEJTIwZnVuY3Rpb24lMjAlMjhlbCUyQyUyMGFyaWFUeXBlJTJDJTIwbmV3UHJvcGVydHklMjklMjAlN0IlMEElMjAlMjAlMjAlMjAlMjAlMjBlbC5zZXRBdHRyaWJ1dGUlMjhhcmlhVHlwZSUyQyUyMG5ld1Byb3BlcnR5JTI5JTNCJTBBJTIwJTIwJTIwJTIwJTdEJTNCJTBBJTIwJTIwJTIwJTIwc2V0QWNjb3JkaW9uQXJpYSUyMCUzRCUyMGZ1bmN0aW9uJTIwJTI4ZWwxJTJDJTIwZWwyJTJDJTIwZXhwYW5kZWQlMjklMjAlN0IlMEElMjAlMjAlMjAlMjAlMjAlMjBzd2l0Y2glMjAlMjhleHBhbmRlZCUyOSUyMCU3QiUwQSUyMCUyMCUyMCUyMCUyMCUyMCUyMCUyMGNhc2UlMjAlMjJ0cnVlJTIyJTNBJTBBJTIwJTIwJTIwJTIwJTIwJTIwJTIwJTIwJTIwJTIwc2V0QXJpYUF0dHIlMjhlbDElMkMlMjAlMjdhcmlhLWV4cGFuZGVkJTI3JTJDJTIwJTI3dHJ1ZSUyNyUyOSUzQiUwQSUyMCUyMCUyMCUyMCUyMCUyMCUyMCUyMCUyMCUyMHNldEFyaWFBdHRyJTI4ZWwyJTJDJTIwJTI3YXJpYS1oaWRkZW4lMjclMkMlMjAlMjdmYWxzZSUyNyUyOSUzQiUwQSUyMCUyMCUyMCUyMCUyMCUyMCUyMCUyMCUyMCUyMGJyZWFrJTNCJTBBJTIwJTIwJTIwJTIwJTIwJTIwJTIwJTIwY2FzZSUyMCUyMmZhbHNlJTIyJTNBJTBBJTIwJTIwJTIwJTIwJTIwJTIwJTIwJTIwJTIwJTIwc2V0QXJpYUF0dHIlMjhlbDElMkMlMjAlMjdhcmlhLWV4cGFuZGVkJTI3JTJDJTIwJTI3ZmFsc2UlMjclMjklM0IlMEElMjAlMjAlMjAlMjAlMjAlMjAlMjAlMjAlMjAlMjBzZXRBcmlhQXR0ciUyOGVsMiUyQyUyMCUyN2FyaWEtaGlkZGVuJTI3JTJDJTIwJTI3dHJ1ZSUyNyUyOSUzQiUwQSUyMCUyMCUyMCUyMCUyMCUyMCUyMCUyMCUyMCUyMGJyZWFrJTNCJTBBJTIwJTIwJTIwJTIwJTIwJTIwJTIwJTIwZGVmYXVsdCUzQSUwQSUyMCUyMCUyMCUyMCUyMCUyMCUyMCUyMCUyMCUyMGJyZWFrJTNCJTBBJTIwJTIwJTIwJTIwJTIwJTIwJTdEJTBBJTIwJTIwJTIwJTIwJTdEJTNCJTBBJTIwJTIwJTIwJTIwJTJGJTJGZnVuY3Rpb24lMEElMjAlMjAlMjAlMjBzd2l0Y2hBY2NvcmRpb24lMjAlM0QlMjBmdW5jdGlvbiUyMCUyOGUlMjklMjAlN0IlMEElMjAlMjAlMjAlMjAlMjAlMjBjb25zb2xlLmxvZyUyOCUyMnRyaWdnZXJlZCUyMiUyOSUzQiUwQSUyMCUyMCUyMCUyMCUyMCUyMGUucHJldmVudERlZmF1bHQlMjglMjklM0IlMEElMjAlMjAlMjAlMjAlMjAlMjB2YXIlMjB0aGlzQW5zd2VyJTIwJTNEJTIwZS50YXJnZXQucGFyZW50Tm9kZS5uZXh0RWxlbWVudFNpYmxpbmclM0IlMEElMjAlMjAlMjAlMjAlMjAlMjB2YXIlMjB0aGlzUXVlc3Rpb24lMjAlM0QlMjBlLnRhcmdldCUzQiUwQSUyMCUyMCUyMCUyMCUyMCUyMGlmJTIwJTI4dGhpc0Fuc3dlci5jbGFzc0xpc3QuY29udGFpbnMlMjglMjdpcy1jb2xsYXBzZWQlMjclMjklMjklMjAlN0IlMEElMjAlMjAlMjAlMjAlMjAlMjAlMjAlMjBzZXRBY2NvcmRpb25BcmlhJTI4dGhpc1F1ZXN0aW9uJTJDJTIwdGhpc0Fuc3dlciUyQyUyMCUyN3RydWUlMjclMjklM0IlMEElMjAlMjAlMjAlMjAlMjAlMjAlN0QlMjBlbHNlJTIwJTdCJTBBJTIwJTIwJTIwJTIwJTIwJTIwJTIwJTIwc2V0QWNjb3JkaW9uQXJpYSUyOHRoaXNRdWVzdGlvbiUyQyUyMHRoaXNBbnN3ZXIlMkMlMjAlMjdmYWxzZSUyNyUyOSUzQiUwQSUyMCUyMCUyMCUyMCUyMCUyMCU3RCUwQSUyMCUyMCUyMCUyMCUyMCUyMHRoaXNRdWVzdGlvbi5jbGFzc0xpc3QudG9nZ2xlJTI4JTI3aXMtY29sbGFwc2VkJTI3JTI5JTNCJTBBJTIwJTIwJTIwJTIwJTIwJTIwdGhpc1F1ZXN0aW9uLmNsYXNzTGlzdC50b2dnbGUlMjglMjdpcy1leHBhbmRlZCUyNyUyOSUzQiUwQSUyMCUyMCUyMCUyMCUyMCUyMHRoaXNBbnN3ZXIuY2xhc3NMaXN0LnRvZ2dsZSUyOCUyN2lzLWNvbGxhcHNlZCUyNyUyOSUzQiUwQSUyMCUyMCUyMCUyMCUyMCUyMHRoaXNBbnN3ZXIuY2xhc3NMaXN0LnRvZ2dsZSUyOCUyN2lzLWV4cGFuZGVkJTI3JTI5JTNCJTBBJTIwJTIwJTIwJTIwJTdEJTNCJTBBJTIwJTIwJTIwJTIwZm9yJTIwJTI4dmFyJTIwaSUyMCUzRCUyMDAlMkMlMjBsZW4lMjAlM0QlMjBhY2NvcmRpb25Ub2dnbGVzLmxlbmd0aCUzQiUyMGklMjAlM0MlMjBsZW4lM0IlMjBpJTJCJTJCJTI5JTIwJTdCJTBBJTIwJTIwJTIwJTIwJTIwJTIwaWYlMjAlMjh0b3VjaFN1cHBvcnRlZCUyOSUyMCU3QiUwQSUyMCUyMCUyMCUyMCUyMCUyMCUyMCUyMGFjY29yZGlvblRvZ2dsZXMlNUJpJTVELmFkZEV2ZW50TGlzdGVuZXIlMjglMjd0b3VjaHN0YXJ0JTI3JTJDJTIwc2tpcENsaWNrRGVsYXklMkMlMjBmYWxzZSUyOSUzQiUwQSUyMCUyMCUyMCUyMCUyMCUyMCU3RCUwQSUyMCUyMCUyMCUyMCUyMCUyMGlmJTIwJTI4cG9pbnRlclN1cHBvcnRlZCUyOSUyMCU3QiUwQSUyMCUyMCUyMCUyMCUyMCUyMCUyMCUyMGFjY29yZGlvblRvZ2dsZXMlNUJpJTVELmFkZEV2ZW50TGlzdGVuZXIlMjglMjdwb2ludGVyZG93biUyNyUyQyUyMHNraXBDbGlja0RlbGF5JTJDJTIwZmFsc2UlMjklM0IlMEElMjAlMjAlMjAlMjAlMjAlMjAlN0QlMEElMjAlMjAlMjAlMjAlMjAlMjBhY2NvcmRpb25Ub2dnbGVzJTVCaSU1RC5hZGRFdmVudExpc3RlbmVyJTI4JTI3Y2xpY2slMjclMkMlMjBzd2l0Y2hBY2NvcmRpb24lMkMlMjBmYWxzZSUyOSUzQiUwQSUyMCUyMCUyMCUyMCU3RCUwQSUyMCUyMCU3RCUyOSUyOCUyOSUzQiUwQSUzQyUyRnNjcmlwdCUzRSUwQQ==[\/vc_raw_html][\/vc_column][\/vc_row][vc_row][vc_column][vc_raw_html]JTNDYnIlM0UlM0NiciUzRSUzQ3NtYWxsJTNFJTJBQmVpJTIwZGVuJTIwb2JlbiUyMGF1ZmdlZiVDMyVCQ2hydGVuJTIwQW5nYWJlbiUyMGhhbmRlbHQlMjBlcyUyMHNpY2glMjB1bSUyMFJpY2h0d2VydGUlMjBiZWklMjBWZXJhbnN0YWx0dW5nZW4lMjBtaXQlMjBFc3NlbiUyMCUyNiUyMEdldHIlQzMlQTRua2VuLiUyMCUzQ2JyJTNFRGllc2UlMjBaYWhsZW4lMjB2YXJpaWVyZW4lMjBqZSUyMG5hY2glMjBBcnQlMjBkZXIlMjBWZXJhbnN0YWx0dW5nJTIwd2llJTIwei5CLiUyMGVpbmUlMjBBdXNzdGVsbHVuZy4lMjAlM0NiciUzRSUyMEVudHNjaGVpZGVuZCUyMGYlQzMlQkNyJTIwZGllJTIwJUUyJTgwJTlDcmljaHRpZ2UlRTIlODAlOUQlMjBNb2RlbGxhdXN3YWhsJTIwaXN0JTIwbmF0JUMzJUJDcmxpY2glMjBJaHJlJTIwVmVyYW5zdGFsdHVuZy4lM0MlMkZzbWFsbCUzRQ==[\/vc_raw_html][\/vc_column][\/vc_row]<\/p>\n","protected":false},"excerpt":{"rendered":"<p>[vc_row][vc_column width=&#8221;2\/3&#8243; css=&#8221;.vc_custom_1519734538371{padding-right: 25px !important;}&#8221; offset=&#8221;vc_col-lg-8 vc_col-md-12 vc_col-xs-12&#8243;][vc_column_text]TOILETTENWAGEN mit BARRIEREFREIEM Toilettenraum (Behinderten-WC) f\u00fcr Menschen mit eingeschr\u00e4nkter Mobilit\u00e4t, inkl. Babywickeltisch!! Sie [&hellip;]<\/p>\n","protected":false},"author":2,"featured_media":0,"parent":7904,"menu_order":0,"comment_status":"closed","ping_status":"closed","template":"","meta":{"footnotes":""},"class_list":["post-7983","page","type-page","status-publish","hentry"],"yoast_head":"<!-- This site is optimized with the Yoast SEO plugin v26.4 - https:\/\/yoast.com\/wordpress\/plugins\/seo\/ -->\n<title>Toilettenwagen \u201e1&amp;1 barrierefrei\u201c &#8226; Toilettenwagenverleih Sprenger<\/title>\n<meta name=\"robots\" content=\"index, follow, max-snippet:-1, max-image-preview:large, max-video-preview:-1\" \/>\n<link rel=\"canonical\" href=\"https:\/\/www.toilettenwagenverleih.com\/index.php\/barrierefreie-wagen\/toilettenwagen-11-barrierefrei\/\" \/>\n<meta property=\"og:locale\" content=\"de_DE\" \/>\n<meta property=\"og:type\" content=\"article\" \/>\n<meta property=\"og:title\" content=\"Toilettenwagen \u201e1&amp;1 barrierefrei\u201c &#8226; Toilettenwagenverleih Sprenger\" \/>\n<meta property=\"og:description\" content=\"[vc_row][vc_column width=&#8221;2\/3&#8243; css=&#8221;.vc_custom_1519734538371{padding-right: 25px !important;}&#8221; offset=&#8221;vc_col-lg-8 vc_col-md-12 vc_col-xs-12&#8243;][vc_column_text]TOILETTENWAGEN mit BARRIEREFREIEM Toilettenraum (Behinderten-WC) f\u00fcr Menschen mit eingeschr\u00e4nkter Mobilit\u00e4t, inkl. Babywickeltisch!! Sie [&hellip;]\" \/>\n<meta property=\"og:url\" content=\"https:\/\/www.toilettenwagenverleih.com\/index.php\/barrierefreie-wagen\/toilettenwagen-11-barrierefrei\/\" \/>\n<meta property=\"og:site_name\" content=\"Toilettenwagenverleih Sprenger\" \/>\n<meta property=\"article:modified_time\" content=\"2024-03-18T11:09:29+00:00\" \/>\n<meta name=\"twitter:card\" content=\"summary_large_image\" \/>\n<meta name=\"twitter:label1\" content=\"Gesch\u00e4tzte Lesezeit\" \/>\n\t<meta name=\"twitter:data1\" content=\"1\u00a0Minute\" \/>\n<script type=\"application\/ld+json\" class=\"yoast-schema-graph\">{\"@context\":\"https:\/\/schema.org\",\"@graph\":[{\"@type\":\"WebPage\",\"@id\":\"https:\/\/www.toilettenwagenverleih.com\/index.php\/barrierefreie-wagen\/toilettenwagen-11-barrierefrei\/\",\"url\":\"https:\/\/www.toilettenwagenverleih.com\/index.php\/barrierefreie-wagen\/toilettenwagen-11-barrierefrei\/\",\"name\":\"Toilettenwagen \u201e1&1 barrierefrei\u201c &#8226; Toilettenwagenverleih Sprenger\",\"isPartOf\":{\"@id\":\"https:\/\/www.toilettenwagenverleih.com\/#website\"},\"datePublished\":\"2020-05-06T15:22:52+00:00\",\"dateModified\":\"2024-03-18T11:09:29+00:00\",\"breadcrumb\":{\"@id\":\"https:\/\/www.toilettenwagenverleih.com\/index.php\/barrierefreie-wagen\/toilettenwagen-11-barrierefrei\/#breadcrumb\"},\"inLanguage\":\"de\",\"potentialAction\":[{\"@type\":\"ReadAction\",\"target\":[\"https:\/\/www.toilettenwagenverleih.com\/index.php\/barrierefreie-wagen\/toilettenwagen-11-barrierefrei\/\"]}]},{\"@type\":\"BreadcrumbList\",\"@id\":\"https:\/\/www.toilettenwagenverleih.com\/index.php\/barrierefreie-wagen\/toilettenwagen-11-barrierefrei\/#breadcrumb\",\"itemListElement\":[{\"@type\":\"ListItem\",\"position\":1,\"name\":\"Startseite\",\"item\":\"https:\/\/www.toilettenwagenverleih.com\/\"},{\"@type\":\"ListItem\",\"position\":2,\"name\":\"Barrierefreie Wagen\",\"item\":\"https:\/\/www.toilettenwagenverleih.com\/index.php\/barrierefreie-wagen\/\"},{\"@type\":\"ListItem\",\"position\":3,\"name\":\"Toilettenwagen \u201e1&#038;1 barrierefrei\u201c\"}]},{\"@type\":\"WebSite\",\"@id\":\"https:\/\/www.toilettenwagenverleih.com\/#website\",\"url\":\"https:\/\/www.toilettenwagenverleih.com\/\",\"name\":\"Toilettenwagenverleih Sprenger\",\"description\":\"Eine weitere WordPress-Website\",\"publisher\":{\"@id\":\"https:\/\/www.toilettenwagenverleih.com\/#organization\"},\"potentialAction\":[{\"@type\":\"SearchAction\",\"target\":{\"@type\":\"EntryPoint\",\"urlTemplate\":\"https:\/\/www.toilettenwagenverleih.com\/?s={search_term_string}\"},\"query-input\":{\"@type\":\"PropertyValueSpecification\",\"valueRequired\":true,\"valueName\":\"search_term_string\"}}],\"inLanguage\":\"de\"},{\"@type\":\"Organization\",\"@id\":\"https:\/\/www.toilettenwagenverleih.com\/#organization\",\"name\":\"Toilenwagenverlei Thomas Sprenger\",\"url\":\"https:\/\/www.toilettenwagenverleih.com\/\",\"logo\":{\"@type\":\"ImageObject\",\"inLanguage\":\"de\",\"@id\":\"https:\/\/www.toilettenwagenverleih.com\/#\/schema\/logo\/image\/\",\"url\":\"https:\/\/www.toilettenwagenverleih.com\/wp-content\/uploads\/2020\/02\/logo-web1.png\",\"contentUrl\":\"https:\/\/www.toilettenwagenverleih.com\/wp-content\/uploads\/2020\/02\/logo-web1.png\",\"width\":153,\"height\":75,\"caption\":\"Toilenwagenverlei Thomas Sprenger\"},\"image\":{\"@id\":\"https:\/\/www.toilettenwagenverleih.com\/#\/schema\/logo\/image\/\"}}]}<\/script>\n<!-- \/ Yoast SEO plugin. -->","yoast_head_json":{"title":"Toilettenwagen \u201e1&1 barrierefrei\u201c &#8226; Toilettenwagenverleih Sprenger","robots":{"index":"index","follow":"follow","max-snippet":"max-snippet:-1","max-image-preview":"max-image-preview:large","max-video-preview":"max-video-preview:-1"},"canonical":"https:\/\/www.toilettenwagenverleih.com\/index.php\/barrierefreie-wagen\/toilettenwagen-11-barrierefrei\/","og_locale":"de_DE","og_type":"article","og_title":"Toilettenwagen \u201e1&1 barrierefrei\u201c &#8226; Toilettenwagenverleih Sprenger","og_description":"[vc_row][vc_column width=&#8221;2\/3&#8243; css=&#8221;.vc_custom_1519734538371{padding-right: 25px !important;}&#8221; offset=&#8221;vc_col-lg-8 vc_col-md-12 vc_col-xs-12&#8243;][vc_column_text]TOILETTENWAGEN mit BARRIEREFREIEM Toilettenraum (Behinderten-WC) f\u00fcr Menschen mit eingeschr\u00e4nkter Mobilit\u00e4t, inkl. Babywickeltisch!! Sie [&hellip;]","og_url":"https:\/\/www.toilettenwagenverleih.com\/index.php\/barrierefreie-wagen\/toilettenwagen-11-barrierefrei\/","og_site_name":"Toilettenwagenverleih Sprenger","article_modified_time":"2024-03-18T11:09:29+00:00","twitter_card":"summary_large_image","twitter_misc":{"Gesch\u00e4tzte Lesezeit":"1\u00a0Minute"},"schema":{"@context":"https:\/\/schema.org","@graph":[{"@type":"WebPage","@id":"https:\/\/www.toilettenwagenverleih.com\/index.php\/barrierefreie-wagen\/toilettenwagen-11-barrierefrei\/","url":"https:\/\/www.toilettenwagenverleih.com\/index.php\/barrierefreie-wagen\/toilettenwagen-11-barrierefrei\/","name":"Toilettenwagen \u201e1&1 barrierefrei\u201c &#8226; Toilettenwagenverleih Sprenger","isPartOf":{"@id":"https:\/\/www.toilettenwagenverleih.com\/#website"},"datePublished":"2020-05-06T15:22:52+00:00","dateModified":"2024-03-18T11:09:29+00:00","breadcrumb":{"@id":"https:\/\/www.toilettenwagenverleih.com\/index.php\/barrierefreie-wagen\/toilettenwagen-11-barrierefrei\/#breadcrumb"},"inLanguage":"de","potentialAction":[{"@type":"ReadAction","target":["https:\/\/www.toilettenwagenverleih.com\/index.php\/barrierefreie-wagen\/toilettenwagen-11-barrierefrei\/"]}]},{"@type":"BreadcrumbList","@id":"https:\/\/www.toilettenwagenverleih.com\/index.php\/barrierefreie-wagen\/toilettenwagen-11-barrierefrei\/#breadcrumb","itemListElement":[{"@type":"ListItem","position":1,"name":"Startseite","item":"https:\/\/www.toilettenwagenverleih.com\/"},{"@type":"ListItem","position":2,"name":"Barrierefreie Wagen","item":"https:\/\/www.toilettenwagenverleih.com\/index.php\/barrierefreie-wagen\/"},{"@type":"ListItem","position":3,"name":"Toilettenwagen \u201e1&#038;1 barrierefrei\u201c"}]},{"@type":"WebSite","@id":"https:\/\/www.toilettenwagenverleih.com\/#website","url":"https:\/\/www.toilettenwagenverleih.com\/","name":"Toilettenwagenverleih Sprenger","description":"Eine weitere WordPress-Website","publisher":{"@id":"https:\/\/www.toilettenwagenverleih.com\/#organization"},"potentialAction":[{"@type":"SearchAction","target":{"@type":"EntryPoint","urlTemplate":"https:\/\/www.toilettenwagenverleih.com\/?s={search_term_string}"},"query-input":{"@type":"PropertyValueSpecification","valueRequired":true,"valueName":"search_term_string"}}],"inLanguage":"de"},{"@type":"Organization","@id":"https:\/\/www.toilettenwagenverleih.com\/#organization","name":"Toilenwagenverlei Thomas Sprenger","url":"https:\/\/www.toilettenwagenverleih.com\/","logo":{"@type":"ImageObject","inLanguage":"de","@id":"https:\/\/www.toilettenwagenverleih.com\/#\/schema\/logo\/image\/","url":"https:\/\/www.toilettenwagenverleih.com\/wp-content\/uploads\/2020\/02\/logo-web1.png","contentUrl":"https:\/\/www.toilettenwagenverleih.com\/wp-content\/uploads\/2020\/02\/logo-web1.png","width":153,"height":75,"caption":"Toilenwagenverlei Thomas Sprenger"},"image":{"@id":"https:\/\/www.toilettenwagenverleih.com\/#\/schema\/logo\/image\/"}}]}},"_links":{"self":[{"href":"https:\/\/www.toilettenwagenverleih.com\/index.php\/wp-json\/wp\/v2\/pages\/7983","targetHints":{"allow":["GET"]}}],"collection":[{"href":"https:\/\/www.toilettenwagenverleih.com\/index.php\/wp-json\/wp\/v2\/pages"}],"about":[{"href":"https:\/\/www.toilettenwagenverleih.com\/index.php\/wp-json\/wp\/v2\/types\/page"}],"author":[{"embeddable":true,"href":"https:\/\/www.toilettenwagenverleih.com\/index.php\/wp-json\/wp\/v2\/users\/2"}],"replies":[{"embeddable":true,"href":"https:\/\/www.toilettenwagenverleih.com\/index.php\/wp-json\/wp\/v2\/comments?post=7983"}],"version-history":[{"count":16,"href":"https:\/\/www.toilettenwagenverleih.com\/index.php\/wp-json\/wp\/v2\/pages\/7983\/revisions"}],"predecessor-version":[{"id":8632,"href":"https:\/\/www.toilettenwagenverleih.com\/index.php\/wp-json\/wp\/v2\/pages\/7983\/revisions\/8632"}],"up":[{"embeddable":true,"href":"https:\/\/www.toilettenwagenverleih.com\/index.php\/wp-json\/wp\/v2\/pages\/7904"}],"wp:attachment":[{"href":"https:\/\/www.toilettenwagenverleih.com\/index.php\/wp-json\/wp\/v2\/media?parent=7983"}],"curies":[{"name":"wp","href":"https:\/\/api.w.org\/{rel}","templated":true}]}}