{"id":7880,"date":"2020-04-30T16:52:30","date_gmt":"2020-04-30T14:52:30","guid":{"rendered":"https:\/\/toilettenwagenverleih.com\/?page_id=7880"},"modified":"2024-03-18T12:36:29","modified_gmt":"2024-03-18T11:36:29","slug":"duschwagen-xxl","status":"publish","type":"page","link":"https:\/\/www.toilettenwagenverleih.com\/index.php\/mobile-dusch-bad-wagen\/duschwagen-xxl\/","title":{"rendered":"Duschwagen \u201cXXL\u201d"},"content":{"rendered":"<p>[vc_row][vc_column width=&#8221;2\/3&#8243; css=&#8221;.vc_custom_1519734538371{padding-right: 25px !important;}&#8221; offset=&#8221;vc_col-lg-8 vc_col-md-12 vc_col-xs-12&#8243;]<header class=\"kd-section-title col-lg-12 text-left    \" ><h2 class=\"separator_off\" >Duschwagen \u201cXXL\u201d<\/h2><\/header>[vc_empty_space height=&#8221;16px&#8221;][vc_column_text]<strong>Ausstattung Duschwagen<\/strong><\/p>\n<p>8 einzelnen Duschr\u00e4umen. Diese sind jeweils von au\u00dfen zug\u00e4nglich, so ist die Privatsph\u00e4re optimal gewahrt. Jeder Duschraum ist, au\u00dfer mit einer Duschkabine, auch mit einem kleinen Trockenbereich inklusive Sitzbank, Kleiderhaken, Ablage mit Steckdosen und Spiegel ausgestattet. Die Duschr\u00e4ume sind separat beheizbar. Die Warmwasserversorgung erfolgt \u00fcber eine \u00d6l Heizung. Der Heiz\u00f6l Tank fast ca. 200 Liter.[\/vc_column_text][vc_empty_space height=&#8221;16px&#8221;][vc_masonry_media_grid grid_id=&#8221;vc_gid:1710760363468-81361155-2487-5&#8243; include=&#8221;8164,8168,8165,8166,8167,8169&#8243;][vc_empty_space][\/vc_column][vc_column width=&#8221;1\/3&#8243; offset=&#8221;vc_col-lg-4 vc_col-md-12 vc_col-xs-12&#8243;][vc_row_inner][vc_column_inner width=&#8221;1\/2&#8243;]<div class=\"kd_counter   count_left \" ><div class=\"kd_counter_content\"><h4 class=\"kd_counter_number\"><span class=\"kd_number_string\"  data-from=\"0\" data-to=\"880\" data-refresh-interval=\"50\">0<\/span>\n                                  <span class=\"kd_counter_units\" >cm Gesammtl\u00e4nge<\/span><\/h4><\/div><\/div>[\/vc_column_inner][vc_column_inner width=&#8221;1\/2&#8243;]<div class=\"kd_counter   count_left \" ><div class=\"kd_counter_content\"><h4 class=\"kd_counter_number\"><span class=\"kd_number_string\"  data-from=\"0\" data-to=\"250\" data-refresh-interval=\"50\">0<\/span>\n                                  <span class=\"kd_counter_units\" >cm Breite<\/span><\/h4><\/div><\/div>[\/vc_column_inner][\/vc_row_inner][vc_empty_space][vc_separator][vc_empty_space]<a  href=\"https:\/\/www.toilettenwagenverleih.com\/wp-content\/uploads\/2020\/06\/XXL-Duschwagen.pdf\"  target=\" _blank\"  title=\"\" class=\"tt_button tt_primary_button btn_primary_color  pull-left\" ><span class=\"prim_text\">DOWNLOAD BAUPLAN<\/span><\/a>[vc_empty_space][vc_column_text]<strong>Ben\u00f6tigte Anschl\u00fcsse:<\/strong><\/p>\n<ul>\n<li>Strombedarf: 1x 400 Volt\/16 Ampere Drehstromanschluss<\/li>\n<li>\u00be Zoll Wasseranschluss<\/li>\n<li>1 Abwasseranschluss<\/li>\n<\/ul>\n<p>[\/vc_column_text][\/vc_column][\/vc_row][vc_row css=&#8221;.vc_custom_1584991088470{background-color: #e5e5e5 !important;}&#8221;][vc_column][vc_raw_html]JTNDZGl2JTIwY2xhc3MlM0QlMjJjb250YWluZXItY3MlMjIlM0UlMEElMjAlMjAlM0NkaXYlMjBjbGFzcyUzRCUyMmFjY29yZGlvbiUyMiUzRSUwQSUyMCUyMCUyMCUyMCUzQ2RsJTNFJTBBJTIwJTIwJTIwJTIwJTIwJTIwJTNDZHQlM0UlMEElMjAlMjAlMjAlMjAlMjAlMjAlMjAlMjAlM0NhJTIwaHJlZiUzRCUyMiUyM2FjY29yZGlvbjElMjIlMjBhcmlhLWV4cGFuZGVkJTNEJTIyZmFsc2UlMjIlMjBhcmlhLWNvbnRyb2xzJTNEJTIyYWNjb3JkaW9uMSUyMiUyMGNsYXNzJTNEJTIyYWNjb3JkaW9uLXRpdGxlJTIwYWNjb3JkaW9uVGl0bGUlMjBqcy1hY2NvcmRpb25UcmlnZ2VyJTIyJTNFSmV0enQlMjB1bnZlcmJpbmRsaWNoJTIwQW5mcmFnZW4lMjElM0MlMkZhJTNFJTBBJTIwJTIwJTIwJTIwJTIwJTIwJTNDJTJGZHQlM0UlMEElMjAlMjAlMjAlMjAlMjAlMjAlM0NkZCUyMGNsYXNzJTNEJTIyYWNjb3JkaW9uLWNvbnRlbnQlMjBhY2NvcmRpb25JdGVtJTIwaXMtY29sbGFwc2VkJTIyJTIwaWQlM0QlMjJhY2NvcmRpb24xJTIyJTIwYXJpYS1oaWRkZW4lM0QlMjJ0cnVlJTIyJTNFJTNDYnIlM0UlM0NiciUzRSUwQSUyMCUyMCUyMCUyMCUyMCUyMCUyMCUyMCU1QmNvbnRhY3QtZm9ybS03JTIwaWQlM0QlMjI4YzgxODZiJTIyJTIwdGl0bGUlM0QlMjJBbmZyYWdlLUZvcm11bGFyJTIyJTVEJTBBJTIwJTIwJTIwJTIwJTIwJTIwJTNDJTJGZGQlM0UlMEElMjAlMjAlMjAlMjAlM0MlMkZkbCUzRSUwQSUyMCUyMCUzQyUyRmRpdiUzRSUwQSUzQyUyRmRpdiUzRSUwQSUwQSUzQ3NjcmlwdCUzRSUwQSUyMCUyMCUyOGZ1bmN0aW9uJTIwJTI4JTI5JTIwJTdCJTBBJTIwJTIwJTIwJTIwdmFyJTIwZCUyMCUzRCUyMGRvY3VtZW50JTJDJTBBJTIwJTIwJTIwJTIwJTIwJTIwYWNjb3JkaW9uVG9nZ2xlcyUyMCUzRCUyMGQucXVlcnlTZWxlY3RvckFsbCUyOCUyNy5qcy1hY2NvcmRpb25UcmlnZ2VyJTI3JTI5JTJDJTBBJTIwJTIwJTIwJTIwJTIwJTIwc2V0QXJpYSUyQyUwQSUyMCUyMCUyMCUyMCUyMCUyMHNldEFjY29yZGlvbkFyaWElMkMlMEElMjAlMjAlMjAlMjAlMjAlMjBzd2l0Y2hBY2NvcmRpb24lMkMlMEElMjAlMjAlMjAlMjAlMjAlMjB0b3VjaFN1cHBvcnRlZCUyMCUzRCUyMCUyOCUyN29udG91Y2hzdGFydCUyNyUyMGluJTIwd2luZG93JTI5JTJDJTBBJTIwJTIwJTIwJTIwJTIwJTIwcG9pbnRlclN1cHBvcnRlZCUyMCUzRCUyMCUyOCUyN3BvaW50ZXJkb3duJTI3JTIwaW4lMjB3aW5kb3clMjklM0IlMEElMEElMjAlMjAlMjAlMjBza2lwQ2xpY2tEZWxheSUyMCUzRCUyMGZ1bmN0aW9uJTIwJTI4ZSUyOSUyMCU3QiUwQSUyMCUyMCUyMCUyMCUyMCUyMGUucHJldmVudERlZmF1bHQlMjglMjklM0IlMEElMjAlMjAlMjAlMjAlMjAlMjBlLnRhcmdldC5jbGljayUyOCUyOSUzQiUwQSUyMCUyMCUyMCUyMCU3RCUwQSUwQSUyMCUyMCUyMCUyMHNldEFyaWFBdHRyJTIwJTNEJTIwZnVuY3Rpb24lMjAlMjhlbCUyQyUyMGFyaWFUeXBlJTJDJTIwbmV3UHJvcGVydHklMjklMjAlN0IlMEElMjAlMjAlMjAlMjAlMjAlMjBlbC5zZXRBdHRyaWJ1dGUlMjhhcmlhVHlwZSUyQyUyMG5ld1Byb3BlcnR5JTI5JTNCJTBBJTIwJTIwJTIwJTIwJTdEJTNCJTBBJTIwJTIwJTIwJTIwc2V0QWNjb3JkaW9uQXJpYSUyMCUzRCUyMGZ1bmN0aW9uJTIwJTI4ZWwxJTJDJTIwZWwyJTJDJTIwZXhwYW5kZWQlMjklMjAlN0IlMEElMjAlMjAlMjAlMjAlMjAlMjBzd2l0Y2glMjAlMjhleHBhbmRlZCUyOSUyMCU3QiUwQSUyMCUyMCUyMCUyMCUyMCUyMCUyMCUyMGNhc2UlMjAlMjJ0cnVlJTIyJTNBJTBBJTIwJTIwJTIwJTIwJTIwJTIwJTIwJTIwJTIwJTIwc2V0QXJpYUF0dHIlMjhlbDElMkMlMjAlMjdhcmlhLWV4cGFuZGVkJTI3JTJDJTIwJTI3dHJ1ZSUyNyUyOSUzQiUwQSUyMCUyMCUyMCUyMCUyMCUyMCUyMCUyMCUyMCUyMHNldEFyaWFBdHRyJTI4ZWwyJTJDJTIwJTI3YXJpYS1oaWRkZW4lMjclMkMlMjAlMjdmYWxzZSUyNyUyOSUzQiUwQSUyMCUyMCUyMCUyMCUyMCUyMCUyMCUyMCUyMCUyMGJyZWFrJTNCJTBBJTIwJTIwJTIwJTIwJTIwJTIwJTIwJTIwY2FzZSUyMCUyMmZhbHNlJTIyJTNBJTBBJTIwJTIwJTIwJTIwJTIwJTIwJTIwJTIwJTIwJTIwc2V0QXJpYUF0dHIlMjhlbDElMkMlMjAlMjdhcmlhLWV4cGFuZGVkJTI3JTJDJTIwJTI3ZmFsc2UlMjclMjklM0IlMEElMjAlMjAlMjAlMjAlMjAlMjAlMjAlMjAlMjAlMjBzZXRBcmlhQXR0ciUyOGVsMiUyQyUyMCUyN2FyaWEtaGlkZGVuJTI3JTJDJTIwJTI3dHJ1ZSUyNyUyOSUzQiUwQSUyMCUyMCUyMCUyMCUyMCUyMCUyMCUyMCUyMCUyMGJyZWFrJTNCJTBBJTIwJTIwJTIwJTIwJTIwJTIwJTIwJTIwZGVmYXVsdCUzQSUwQSUyMCUyMCUyMCUyMCUyMCUyMCUyMCUyMCUyMCUyMGJyZWFrJTNCJTBBJTIwJTIwJTIwJTIwJTIwJTIwJTdEJTBBJTIwJTIwJTIwJTIwJTdEJTNCJTBBJTIwJTIwJTIwJTIwJTJGJTJGZnVuY3Rpb24lMEElMjAlMjAlMjAlMjBzd2l0Y2hBY2NvcmRpb24lMjAlM0QlMjBmdW5jdGlvbiUyMCUyOGUlMjklMjAlN0IlMEElMjAlMjAlMjAlMjAlMjAlMjBjb25zb2xlLmxvZyUyOCUyMnRyaWdnZXJlZCUyMiUyOSUzQiUwQSUyMCUyMCUyMCUyMCUyMCUyMGUucHJldmVudERlZmF1bHQlMjglMjklM0IlMEElMjAlMjAlMjAlMjAlMjAlMjB2YXIlMjB0aGlzQW5zd2VyJTIwJTNEJTIwZS50YXJnZXQucGFyZW50Tm9kZS5uZXh0RWxlbWVudFNpYmxpbmclM0IlMEElMjAlMjAlMjAlMjAlMjAlMjB2YXIlMjB0aGlzUXVlc3Rpb24lMjAlM0QlMjBlLnRhcmdldCUzQiUwQSUyMCUyMCUyMCUyMCUyMCUyMGlmJTIwJTI4dGhpc0Fuc3dlci5jbGFzc0xpc3QuY29udGFpbnMlMjglMjdpcy1jb2xsYXBzZWQlMjclMjklMjklMjAlN0IlMEElMjAlMjAlMjAlMjAlMjAlMjAlMjAlMjBzZXRBY2NvcmRpb25BcmlhJTI4dGhpc1F1ZXN0aW9uJTJDJTIwdGhpc0Fuc3dlciUyQyUyMCUyN3RydWUlMjclMjklM0IlMEElMjAlMjAlMjAlMjAlMjAlMjAlN0QlMjBlbHNlJTIwJTdCJTBBJTIwJTIwJTIwJTIwJTIwJTIwJTIwJTIwc2V0QWNjb3JkaW9uQXJpYSUyOHRoaXNRdWVzdGlvbiUyQyUyMHRoaXNBbnN3ZXIlMkMlMjAlMjdmYWxzZSUyNyUyOSUzQiUwQSUyMCUyMCUyMCUyMCUyMCUyMCU3RCUwQSUyMCUyMCUyMCUyMCUyMCUyMHRoaXNRdWVzdGlvbi5jbGFzc0xpc3QudG9nZ2xlJTI4JTI3aXMtY29sbGFwc2VkJTI3JTI5JTNCJTBBJTIwJTIwJTIwJTIwJTIwJTIwdGhpc1F1ZXN0aW9uLmNsYXNzTGlzdC50b2dnbGUlMjglMjdpcy1leHBhbmRlZCUyNyUyOSUzQiUwQSUyMCUyMCUyMCUyMCUyMCUyMHRoaXNBbnN3ZXIuY2xhc3NMaXN0LnRvZ2dsZSUyOCUyN2lzLWNvbGxhcHNlZCUyNyUyOSUzQiUwQSUyMCUyMCUyMCUyMCUyMCUyMHRoaXNBbnN3ZXIuY2xhc3NMaXN0LnRvZ2dsZSUyOCUyN2lzLWV4cGFuZGVkJTI3JTI5JTNCJTBBJTIwJTIwJTIwJTIwJTdEJTNCJTBBJTIwJTIwJTIwJTIwZm9yJTIwJTI4dmFyJTIwaSUyMCUzRCUyMDAlMkMlMjBsZW4lMjAlM0QlMjBhY2NvcmRpb25Ub2dnbGVzLmxlbmd0aCUzQiUyMGklMjAlM0MlMjBsZW4lM0IlMjBpJTJCJTJCJTI5JTIwJTdCJTBBJTIwJTIwJTIwJTIwJTIwJTIwaWYlMjAlMjh0b3VjaFN1cHBvcnRlZCUyOSUyMCU3QiUwQSUyMCUyMCUyMCUyMCUyMCUyMCUyMCUyMGFjY29yZGlvblRvZ2dsZXMlNUJpJTVELmFkZEV2ZW50TGlzdGVuZXIlMjglMjd0b3VjaHN0YXJ0JTI3JTJDJTIwc2tpcENsaWNrRGVsYXklMkMlMjBmYWxzZSUyOSUzQiUwQSUyMCUyMCUyMCUyMCUyMCUyMCU3RCUwQSUyMCUyMCUyMCUyMCUyMCUyMGlmJTIwJTI4cG9pbnRlclN1cHBvcnRlZCUyOSUyMCU3QiUwQSUyMCUyMCUyMCUyMCUyMCUyMCUyMCUyMGFjY29yZGlvblRvZ2dsZXMlNUJpJTVELmFkZEV2ZW50TGlzdGVuZXIlMjglMjdwb2ludGVyZG93biUyNyUyQyUyMHNraXBDbGlja0RlbGF5JTJDJTIwZmFsc2UlMjklM0IlMEElMjAlMjAlMjAlMjAlMjAlMjAlN0QlMEElMjAlMjAlMjAlMjAlMjAlMjBhY2NvcmRpb25Ub2dnbGVzJTVCaSU1RC5hZGRFdmVudExpc3RlbmVyJTI4JTI3Y2xpY2slMjclMkMlMjBzd2l0Y2hBY2NvcmRpb24lMkMlMjBmYWxzZSUyOSUzQiUwQSUyMCUyMCUyMCUyMCU3RCUwQSUyMCUyMCU3RCUyOSUyOCUyOSUzQiUwQSUzQyUyRnNjcmlwdCUzRSUwQQ==[\/vc_raw_html][\/vc_column][\/vc_row][vc_row][vc_column][vc_raw_html]JTNDYnIlM0UlM0NiciUzRSUzQ3NtYWxsJTNFJTJBQmVpJTIwZGVuJTIwb2JlbiUyMGF1ZmdlZiVDMyVCQ2hydGVuJTIwQW5nYWJlbiUyMGhhbmRlbHQlMjBlcyUyMHNpY2glMjB1bSUyMFJpY2h0d2VydGUlMjBiZWklMjBWZXJhbnN0YWx0dW5nZW4lMjBtaXQlMjBFc3NlbiUyMCUyNiUyMEdldHIlQzMlQTRua2VuLiUyMCUzQ2JyJTNFRGllc2UlMjBaYWhsZW4lMjB2YXJpaWVyZW4lMjBqZSUyMG5hY2glMjBBcnQlMjBkZXIlMjBWZXJhbnN0YWx0dW5nJTIwd2llJTIwei5CLiUyMGVpbmUlMjBBdXNzdGVsbHVuZy4lMjAlM0NiciUzRSUyMEVudHNjaGVpZGVuZCUyMGYlQzMlQkNyJTIwZGllJTIwJUUyJTgwJTlDcmljaHRpZ2UlRTIlODAlOUQlMjBNb2RlbGxhdXN3YWhsJTIwaXN0JTIwbmF0JUMzJUJDcmxpY2glMjBJaHJlJTIwVmVyYW5zdGFsdHVuZy4lM0MlMkZzbWFsbCUzRQ==[\/vc_raw_html][\/vc_column][\/vc_row]<\/p>\n","protected":false},"excerpt":{"rendered":"<p>[vc_row][vc_column width=&#8221;2\/3&#8243; css=&#8221;.vc_custom_1519734538371{padding-right: 25px !important;}&#8221; offset=&#8221;vc_col-lg-8 vc_col-md-12 vc_col-xs-12&#8243;][vc_empty_space height=&#8221;16px&#8221;][vc_column_text]Ausstattung Duschwagen 8 einzelnen Duschr\u00e4umen. Diese sind jeweils von au\u00dfen zug\u00e4nglich, so [&hellip;]<\/p>\n","protected":false},"author":2,"featured_media":0,"parent":7875,"menu_order":0,"comment_status":"closed","ping_status":"closed","template":"","meta":{"footnotes":""},"class_list":["post-7880","page","type-page","status-publish","hentry"],"yoast_head":"<!-- This site is optimized with the Yoast SEO plugin v26.4 - https:\/\/yoast.com\/wordpress\/plugins\/seo\/ -->\n<title>Duschwagen \u201cXXL\u201d &#8226; Toilettenwagenverleih Sprenger<\/title>\n<meta name=\"robots\" content=\"index, follow, max-snippet:-1, max-image-preview:large, max-video-preview:-1\" \/>\n<link rel=\"canonical\" href=\"https:\/\/www.toilettenwagenverleih.com\/index.php\/mobile-dusch-bad-wagen\/duschwagen-xxl\/\" \/>\n<meta property=\"og:locale\" content=\"de_DE\" \/>\n<meta property=\"og:type\" content=\"article\" \/>\n<meta property=\"og:title\" content=\"Duschwagen \u201cXXL\u201d &#8226; Toilettenwagenverleih Sprenger\" \/>\n<meta property=\"og:description\" content=\"[vc_row][vc_column width=&#8221;2\/3&#8243; css=&#8221;.vc_custom_1519734538371{padding-right: 25px !important;}&#8221; offset=&#8221;vc_col-lg-8 vc_col-md-12 vc_col-xs-12&#8243;][vc_empty_space height=&#8221;16px&#8221;][vc_column_text]Ausstattung Duschwagen 8 einzelnen Duschr\u00e4umen. Diese sind jeweils von au\u00dfen zug\u00e4nglich, so [&hellip;]\" \/>\n<meta property=\"og:url\" content=\"https:\/\/www.toilettenwagenverleih.com\/index.php\/mobile-dusch-bad-wagen\/duschwagen-xxl\/\" \/>\n<meta property=\"og:site_name\" content=\"Toilettenwagenverleih Sprenger\" \/>\n<meta property=\"article:modified_time\" content=\"2024-03-18T11:36:29+00:00\" \/>\n<meta name=\"twitter:card\" content=\"summary_large_image\" \/>\n<meta name=\"twitter:label1\" content=\"Gesch\u00e4tzte Lesezeit\" \/>\n\t<meta name=\"twitter:data1\" content=\"1\u00a0Minute\" \/>\n<script type=\"application\/ld+json\" class=\"yoast-schema-graph\">{\"@context\":\"https:\/\/schema.org\",\"@graph\":[{\"@type\":\"WebPage\",\"@id\":\"https:\/\/www.toilettenwagenverleih.com\/index.php\/mobile-dusch-bad-wagen\/duschwagen-xxl\/\",\"url\":\"https:\/\/www.toilettenwagenverleih.com\/index.php\/mobile-dusch-bad-wagen\/duschwagen-xxl\/\",\"name\":\"Duschwagen \u201cXXL\u201d &#8226; Toilettenwagenverleih Sprenger\",\"isPartOf\":{\"@id\":\"https:\/\/www.toilettenwagenverleih.com\/#website\"},\"datePublished\":\"2020-04-30T14:52:30+00:00\",\"dateModified\":\"2024-03-18T11:36:29+00:00\",\"breadcrumb\":{\"@id\":\"https:\/\/www.toilettenwagenverleih.com\/index.php\/mobile-dusch-bad-wagen\/duschwagen-xxl\/#breadcrumb\"},\"inLanguage\":\"de\",\"potentialAction\":[{\"@type\":\"ReadAction\",\"target\":[\"https:\/\/www.toilettenwagenverleih.com\/index.php\/mobile-dusch-bad-wagen\/duschwagen-xxl\/\"]}]},{\"@type\":\"BreadcrumbList\",\"@id\":\"https:\/\/www.toilettenwagenverleih.com\/index.php\/mobile-dusch-bad-wagen\/duschwagen-xxl\/#breadcrumb\",\"itemListElement\":[{\"@type\":\"ListItem\",\"position\":1,\"name\":\"Startseite\",\"item\":\"https:\/\/www.toilettenwagenverleih.com\/\"},{\"@type\":\"ListItem\",\"position\":2,\"name\":\"Mobile Dusch-\/Bad Wagen\",\"item\":\"https:\/\/www.toilettenwagenverleih.com\/index.php\/mobile-dusch-bad-wagen\/\"},{\"@type\":\"ListItem\",\"position\":3,\"name\":\"Duschwagen \u201cXXL\u201d\"}]},{\"@type\":\"WebSite\",\"@id\":\"https:\/\/www.toilettenwagenverleih.com\/#website\",\"url\":\"https:\/\/www.toilettenwagenverleih.com\/\",\"name\":\"Toilettenwagenverleih Sprenger\",\"description\":\"Eine weitere WordPress-Website\",\"publisher\":{\"@id\":\"https:\/\/www.toilettenwagenverleih.com\/#organization\"},\"potentialAction\":[{\"@type\":\"SearchAction\",\"target\":{\"@type\":\"EntryPoint\",\"urlTemplate\":\"https:\/\/www.toilettenwagenverleih.com\/?s={search_term_string}\"},\"query-input\":{\"@type\":\"PropertyValueSpecification\",\"valueRequired\":true,\"valueName\":\"search_term_string\"}}],\"inLanguage\":\"de\"},{\"@type\":\"Organization\",\"@id\":\"https:\/\/www.toilettenwagenverleih.com\/#organization\",\"name\":\"Toilenwagenverlei Thomas Sprenger\",\"url\":\"https:\/\/www.toilettenwagenverleih.com\/\",\"logo\":{\"@type\":\"ImageObject\",\"inLanguage\":\"de\",\"@id\":\"https:\/\/www.toilettenwagenverleih.com\/#\/schema\/logo\/image\/\",\"url\":\"https:\/\/www.toilettenwagenverleih.com\/wp-content\/uploads\/2020\/02\/logo-web1.png\",\"contentUrl\":\"https:\/\/www.toilettenwagenverleih.com\/wp-content\/uploads\/2020\/02\/logo-web1.png\",\"width\":153,\"height\":75,\"caption\":\"Toilenwagenverlei Thomas Sprenger\"},\"image\":{\"@id\":\"https:\/\/www.toilettenwagenverleih.com\/#\/schema\/logo\/image\/\"}}]}<\/script>\n<!-- \/ Yoast SEO plugin. -->","yoast_head_json":{"title":"Duschwagen \u201cXXL\u201d &#8226; Toilettenwagenverleih Sprenger","robots":{"index":"index","follow":"follow","max-snippet":"max-snippet:-1","max-image-preview":"max-image-preview:large","max-video-preview":"max-video-preview:-1"},"canonical":"https:\/\/www.toilettenwagenverleih.com\/index.php\/mobile-dusch-bad-wagen\/duschwagen-xxl\/","og_locale":"de_DE","og_type":"article","og_title":"Duschwagen \u201cXXL\u201d &#8226; Toilettenwagenverleih Sprenger","og_description":"[vc_row][vc_column width=&#8221;2\/3&#8243; css=&#8221;.vc_custom_1519734538371{padding-right: 25px !important;}&#8221; offset=&#8221;vc_col-lg-8 vc_col-md-12 vc_col-xs-12&#8243;][vc_empty_space height=&#8221;16px&#8221;][vc_column_text]Ausstattung Duschwagen 8 einzelnen Duschr\u00e4umen. Diese sind jeweils von au\u00dfen zug\u00e4nglich, so [&hellip;]","og_url":"https:\/\/www.toilettenwagenverleih.com\/index.php\/mobile-dusch-bad-wagen\/duschwagen-xxl\/","og_site_name":"Toilettenwagenverleih Sprenger","article_modified_time":"2024-03-18T11:36:29+00:00","twitter_card":"summary_large_image","twitter_misc":{"Gesch\u00e4tzte Lesezeit":"1\u00a0Minute"},"schema":{"@context":"https:\/\/schema.org","@graph":[{"@type":"WebPage","@id":"https:\/\/www.toilettenwagenverleih.com\/index.php\/mobile-dusch-bad-wagen\/duschwagen-xxl\/","url":"https:\/\/www.toilettenwagenverleih.com\/index.php\/mobile-dusch-bad-wagen\/duschwagen-xxl\/","name":"Duschwagen \u201cXXL\u201d &#8226; Toilettenwagenverleih Sprenger","isPartOf":{"@id":"https:\/\/www.toilettenwagenverleih.com\/#website"},"datePublished":"2020-04-30T14:52:30+00:00","dateModified":"2024-03-18T11:36:29+00:00","breadcrumb":{"@id":"https:\/\/www.toilettenwagenverleih.com\/index.php\/mobile-dusch-bad-wagen\/duschwagen-xxl\/#breadcrumb"},"inLanguage":"de","potentialAction":[{"@type":"ReadAction","target":["https:\/\/www.toilettenwagenverleih.com\/index.php\/mobile-dusch-bad-wagen\/duschwagen-xxl\/"]}]},{"@type":"BreadcrumbList","@id":"https:\/\/www.toilettenwagenverleih.com\/index.php\/mobile-dusch-bad-wagen\/duschwagen-xxl\/#breadcrumb","itemListElement":[{"@type":"ListItem","position":1,"name":"Startseite","item":"https:\/\/www.toilettenwagenverleih.com\/"},{"@type":"ListItem","position":2,"name":"Mobile Dusch-\/Bad Wagen","item":"https:\/\/www.toilettenwagenverleih.com\/index.php\/mobile-dusch-bad-wagen\/"},{"@type":"ListItem","position":3,"name":"Duschwagen \u201cXXL\u201d"}]},{"@type":"WebSite","@id":"https:\/\/www.toilettenwagenverleih.com\/#website","url":"https:\/\/www.toilettenwagenverleih.com\/","name":"Toilettenwagenverleih Sprenger","description":"Eine weitere WordPress-Website","publisher":{"@id":"https:\/\/www.toilettenwagenverleih.com\/#organization"},"potentialAction":[{"@type":"SearchAction","target":{"@type":"EntryPoint","urlTemplate":"https:\/\/www.toilettenwagenverleih.com\/?s={search_term_string}"},"query-input":{"@type":"PropertyValueSpecification","valueRequired":true,"valueName":"search_term_string"}}],"inLanguage":"de"},{"@type":"Organization","@id":"https:\/\/www.toilettenwagenverleih.com\/#organization","name":"Toilenwagenverlei Thomas Sprenger","url":"https:\/\/www.toilettenwagenverleih.com\/","logo":{"@type":"ImageObject","inLanguage":"de","@id":"https:\/\/www.toilettenwagenverleih.com\/#\/schema\/logo\/image\/","url":"https:\/\/www.toilettenwagenverleih.com\/wp-content\/uploads\/2020\/02\/logo-web1.png","contentUrl":"https:\/\/www.toilettenwagenverleih.com\/wp-content\/uploads\/2020\/02\/logo-web1.png","width":153,"height":75,"caption":"Toilenwagenverlei Thomas Sprenger"},"image":{"@id":"https:\/\/www.toilettenwagenverleih.com\/#\/schema\/logo\/image\/"}}]}},"_links":{"self":[{"href":"https:\/\/www.toilettenwagenverleih.com\/index.php\/wp-json\/wp\/v2\/pages\/7880","targetHints":{"allow":["GET"]}}],"collection":[{"href":"https:\/\/www.toilettenwagenverleih.com\/index.php\/wp-json\/wp\/v2\/pages"}],"about":[{"href":"https:\/\/www.toilettenwagenverleih.com\/index.php\/wp-json\/wp\/v2\/types\/page"}],"author":[{"embeddable":true,"href":"https:\/\/www.toilettenwagenverleih.com\/index.php\/wp-json\/wp\/v2\/users\/2"}],"replies":[{"embeddable":true,"href":"https:\/\/www.toilettenwagenverleih.com\/index.php\/wp-json\/wp\/v2\/comments?post=7880"}],"version-history":[{"count":21,"href":"https:\/\/www.toilettenwagenverleih.com\/index.php\/wp-json\/wp\/v2\/pages\/7880\/revisions"}],"predecessor-version":[{"id":8651,"href":"https:\/\/www.toilettenwagenverleih.com\/index.php\/wp-json\/wp\/v2\/pages\/7880\/revisions\/8651"}],"up":[{"embeddable":true,"href":"https:\/\/www.toilettenwagenverleih.com\/index.php\/wp-json\/wp\/v2\/pages\/7875"}],"wp:attachment":[{"href":"https:\/\/www.toilettenwagenverleih.com\/index.php\/wp-json\/wp\/v2\/media?parent=7880"}],"curies":[{"name":"wp","href":"https:\/\/api.w.org\/{rel}","templated":true}]}}